{"id":1286,"date":"2025-01-09T11:23:24","date_gmt":"2025-01-09T11:23:24","guid":{"rendered":"https:\/\/casasvalledelsilencio.com\/?page_id=1286"},"modified":"2025-01-09T11:24:34","modified_gmt":"2025-01-09T11:24:34","slug":"politicas-de-privacidad","status":"publish","type":"page","link":"https:\/\/casasvalledelsilencio.com\/en\/politicas-de-privacidad\/","title":{"rendered":"Pol\u00edticas de privacidad"},"content":{"rendered":"<div data-elementor-type=\"wp-page\" data-elementor-id=\"1286\" class=\"elementor elementor-1286\" data-elementor-post-type=\"page\">\n\t\t\t\t<div class=\"elementor-element elementor-element-d311415 e-flex e-con-boxed e-con e-parent\" data-id=\"d311415\" data-element_type=\"container\">\n\t\t\t\t\t<div class=\"e-con-inner\">\n\t\t\t\t<div class=\"elementor-element elementor-element-fa8e2f4 elementor-widget elementor-widget-text-editor\" data-id=\"fa8e2f4\" data-element_type=\"widget\" data-widget_type=\"text-editor.default\">\n\t\t\t\t<div class=\"elementor-widget-container\">\n\t\t\t\t\t\t\t\t\t<p data-pm-slice=\"1 1 []\">En casasvalledelsilencio.com, respetamos su privacidad y nos comprometemos a proteger sus datos personales. Esta pol\u00edtica describe c\u00f3mo recopilamos, usamos y protegemos la informaci\u00f3n que nos proporciona.<\/p><h3>1. Responsable del tratamiento de datos<\/h3><ul data-spread=\"false\"><li><p>Nombre: \u00c1lvaro Garc\u00eda<\/p><\/li><li><p>Direcci\u00f3n: Calle Veiga Mv, 24415 Manzanedo de Valdueza, Espa\u00f1a<\/p><\/li><li><p>Email: <a>casa.narcisa.2022@gmail.com<\/a><\/p><\/li><\/ul><h3>2. Datos que recopilamos<\/h3><p>Podemos recopilar y procesar las siguientes categor\u00edas de datos:<\/p><ul data-spread=\"false\"><li><p>Datos de identificaci\u00f3n: Nombre, apellidos, direcci\u00f3n, tel\u00e9fono, correo electr\u00f3nico.<\/p><\/li><li><p>Datos de navegaci\u00f3n: Direcci\u00f3n IP, tipo de navegador, p\u00e1ginas visitadas.<\/p><\/li><li><p>Datos de reservas: Fechas, n\u00famero de personas, preferencias.<\/p><\/li><\/ul><h3>3. Finalidad del tratamiento<\/h3><ul data-spread=\"false\"><li><p>Gestionar reservas y solicitudes.<\/p><\/li><li><p>Enviar comunicaciones relacionadas con nuestros servicios.<\/p><\/li><li><p>Mejorar la experiencia de usuario mediante an\u00e1lisis estad\u00edsticos.<\/p><\/li><li><p>Cumplir con nuestras obligaciones legales.<\/p><\/li><\/ul><h3>4. Base legal para el tratamiento<\/h3><ul data-spread=\"false\"><li><p>Ejecuci\u00f3n de un contrato (gesti\u00f3n de reservas).<\/p><\/li><li><p>Consentimiento del usuario (env\u00edo de comunicaciones comerciales).<\/p><\/li><li><p>Inter\u00e9s leg\u00edtimo (mejoras en la web y seguridad).<\/p><\/li><\/ul><h3>5. Destinatarios de los datos<\/h3><ul data-spread=\"false\"><li><p>No compartiremos sus datos con terceros salvo obligaci\u00f3n legal o proveedores de servicios necesarios para la gesti\u00f3n de nuestra actividad (ej.: pasarelas de pago).<\/p><\/li><\/ul><h3>6. Tiempo de conservaci\u00f3n<\/h3><p>Sus datos ser\u00e1n conservados mientras sean necesarios para cumplir con las finalidades descritas, salvo obligaci\u00f3n legal de conservarlos durante m\u00e1s tiempo.<\/p><h3>7. Derechos del usuario<\/h3><ul data-spread=\"false\"><li><p>Acceso, rectificaci\u00f3n y supresi\u00f3n de sus datos.<\/p><\/li><li><p>Oposici\u00f3n al tratamiento o limitaci\u00f3n del uso de sus datos.<\/p><\/li><li><p>Portabilidad de sus datos a otro responsable.<\/p><\/li><\/ul><p>Para ejercer sus derechos, contacte con nosotros a trav\u00e9s del correo indicado.<\/p><h3>8. Seguridad<\/h3><p>Adoptamos medidas t\u00e9cnicas y organizativas para garantizar la seguridad de sus datos personales.<\/p><h3>9. Cambios en la pol\u00edtica de privacidad<\/h3><p>Nos reservamos el derecho a actualizar esta pol\u00edtica. Notificaremos cualquier cambio significativo.<\/p>\t\t\t\t\t\t\t\t<\/div>\n\t\t\t\t<\/div>\n\t\t\t\t\t<\/div>\n\t\t\t\t<\/div>\n\t\t\t\t<\/div>","protected":false},"excerpt":{"rendered":"<p>En casasvalledelsilencio.com, respetamos su privacidad y nos comprometemos a proteger sus datos personales. Esta pol\u00edtica describe c\u00f3mo recopilamos, usamos y protegemos la informaci\u00f3n que nos proporciona. 1. Responsable del tratamiento de datos Nombre: \u00c1lvaro Garc\u00eda Direcci\u00f3n: Calle Veiga Mv, 24415 Manzanedo de Valdueza, Espa\u00f1a Email: casa.narcisa.2022@gmail.com 2. Datos que recopilamos Podemos recopilar y procesar las [&hellip;]<\/p>","protected":false},"author":1,"featured_media":0,"parent":0,"menu_order":0,"comment_status":"closed","ping_status":"closed","template":"","meta":{"footnotes":""},"class_list":["post-1286","page","type-page","status-publish","hentry"],"_links":{"self":[{"href":"https:\/\/casasvalledelsilencio.com\/en\/wp-json\/wp\/v2\/pages\/1286","targetHints":{"allow":["GET"]}}],"collection":[{"href":"https:\/\/casasvalledelsilencio.com\/en\/wp-json\/wp\/v2\/pages"}],"about":[{"href":"https:\/\/casasvalledelsilencio.com\/en\/wp-json\/wp\/v2\/types\/page"}],"author":[{"embeddable":true,"href":"https:\/\/casasvalledelsilencio.com\/en\/wp-json\/wp\/v2\/users\/1"}],"replies":[{"embeddable":true,"href":"https:\/\/casasvalledelsilencio.com\/en\/wp-json\/wp\/v2\/comments?post=1286"}],"version-history":[{"count":4,"href":"https:\/\/casasvalledelsilencio.com\/en\/wp-json\/wp\/v2\/pages\/1286\/revisions"}],"predecessor-version":[{"id":1290,"href":"https:\/\/casasvalledelsilencio.com\/en\/wp-json\/wp\/v2\/pages\/1286\/revisions\/1290"}],"wp:attachment":[{"href":"https:\/\/casasvalledelsilencio.com\/en\/wp-json\/wp\/v2\/media?parent=1286"}],"curies":[{"name":"wp","href":"https:\/\/api.w.org\/{rel}","templated":true}]}}