{"id":1291,"date":"2025-01-09T11:24:52","date_gmt":"2025-01-09T11:24:52","guid":{"rendered":"https:\/\/casasvalledelsilencio.com\/?page_id=1291"},"modified":"2025-01-09T11:25:44","modified_gmt":"2025-01-09T11:25:44","slug":"politicas-de-cookies","status":"publish","type":"page","link":"https:\/\/casasvalledelsilencio.com\/en\/politicas-de-cookies\/","title":{"rendered":"Pol\u00edticas de cookies"},"content":{"rendered":"<div data-elementor-type=\"wp-page\" data-elementor-id=\"1291\" class=\"elementor elementor-1291\" data-elementor-post-type=\"page\">\n\t\t\t\t<div class=\"elementor-element elementor-element-3e58127 e-flex e-con-boxed e-con e-parent\" data-id=\"3e58127\" data-element_type=\"container\">\n\t\t\t\t\t<div class=\"e-con-inner\">\n\t\t\t\t<div class=\"elementor-element elementor-element-05af771 elementor-widget elementor-widget-text-editor\" data-id=\"05af771\" data-element_type=\"widget\" data-widget_type=\"text-editor.default\">\n\t\t\t\t<div class=\"elementor-widget-container\">\n\t\t\t\t\t\t\t\t\t<p>En casasvalledelsilencio.com, utilizamos cookies para mejorar su experiencia. A continuaci\u00f3n, explicamos qu\u00e9 son las cookies, qu\u00e9 tipos utilizamos y c\u00f3mo puede gestionarlas.<\/p><h3>1. \u00bfQu\u00e9 son las cookies?<\/h3><p>Las cookies son peque\u00f1os archivos que se almacenan en su dispositivo cuando visita nuestra web. Nos ayudan a recordar sus preferencias y a mejorar nuestros servicios.<\/p><h3>2. Tipos de cookies que utilizamos<\/h3><ul data-spread=\"false\"><li><p><strong>Cookies esenciales<\/strong>: Necesarias para el funcionamiento de la web.<\/p><\/li><li><p><strong>Cookies de rendimiento<\/strong>: Analizan c\u00f3mo los usuarios interact\u00faan con la web.<\/p><\/li><li><p><strong>Cookies de funcionalidad<\/strong>: Recuerdan sus preferencias (idioma, configuraci\u00f3n).<\/p><\/li><li><p><strong>Cookies de terceros<\/strong>: Utilizadas por servicios externos como Google Analytics.<\/p><\/li><\/ul><h3>3. Cookies utilizadas<\/h3><table><tbody><tr><th>Nombre de la cookie<\/th><th>Prop\u00f3sito<\/th><th>Duraci\u00f3n<\/th><\/tr><tr><td>cookie_aceptacion<\/td><td>Recordar su consentimiento<\/td><td>1 a\u00f1o<\/td><\/tr><tr><td>_ga<\/td><td>An\u00e1lisis de uso de la web<\/td><td>2 a\u00f1os<\/td><\/tr><\/tbody><\/table><h3>4. Consentimiento<\/h3><p>Al acceder a nuestra web, se le informar\u00e1 del uso de cookies y podr\u00e1 aceptar o configurar sus preferencias.<\/p><h3>5. Gesti\u00f3n de cookies<\/h3><p>Puede configurar su navegador para bloquear o eliminar cookies. A continuaci\u00f3n, enlaces a las gu\u00edas de los principales navegadores:<\/p><ul data-spread=\"false\"><li><p><a>Google Chrome<\/a><\/p><\/li><li><p><a href=\"https:\/\/support.mozilla.org\/es\/kb\/cookies-informacion-que-los-sitios-web-guardan-en-\">Mozilla Firefox<\/a><\/p><\/li><li><p><a href=\"https:\/\/support.microsoft.com\/es-es\/microsoft-edge\/eliminar-cookies-en-microsoft-edge-63947406-40ac-c3b8-57b9-2a946a29ae09\">Microsoft Edge<\/a><\/p><\/li><li><p><a href=\"https:\/\/support.apple.com\/es-es\/guide\/safari\/sfri11471\/mac\">Safari<\/a><\/p><\/li><\/ul><h3>6. Cambios en la pol\u00edtica de cookies<\/h3><p>Podemos actualizar esta pol\u00edtica de cookies en cualquier momento. Le recomendamos revisarla peri\u00f3dicamente.<\/p>\t\t\t\t\t\t\t\t<\/div>\n\t\t\t\t<\/div>\n\t\t\t\t\t<\/div>\n\t\t\t\t<\/div>\n\t\t\t\t<\/div>","protected":false},"excerpt":{"rendered":"<p>En casasvalledelsilencio.com, utilizamos cookies para mejorar su experiencia. A continuaci\u00f3n, explicamos qu\u00e9 son las cookies, qu\u00e9 tipos utilizamos y c\u00f3mo puede gestionarlas. 1. \u00bfQu\u00e9 son las cookies? Las cookies son peque\u00f1os archivos que se almacenan en su dispositivo cuando visita nuestra web. Nos ayudan a recordar sus preferencias y a mejorar nuestros servicios. 2. Tipos [&hellip;]<\/p>","protected":false},"author":1,"featured_media":0,"parent":0,"menu_order":0,"comment_status":"closed","ping_status":"closed","template":"","meta":{"footnotes":""},"class_list":["post-1291","page","type-page","status-publish","hentry"],"_links":{"self":[{"href":"https:\/\/casasvalledelsilencio.com\/en\/wp-json\/wp\/v2\/pages\/1291","targetHints":{"allow":["GET"]}}],"collection":[{"href":"https:\/\/casasvalledelsilencio.com\/en\/wp-json\/wp\/v2\/pages"}],"about":[{"href":"https:\/\/casasvalledelsilencio.com\/en\/wp-json\/wp\/v2\/types\/page"}],"author":[{"embeddable":true,"href":"https:\/\/casasvalledelsilencio.com\/en\/wp-json\/wp\/v2\/users\/1"}],"replies":[{"embeddable":true,"href":"https:\/\/casasvalledelsilencio.com\/en\/wp-json\/wp\/v2\/comments?post=1291"}],"version-history":[{"count":4,"href":"https:\/\/casasvalledelsilencio.com\/en\/wp-json\/wp\/v2\/pages\/1291\/revisions"}],"predecessor-version":[{"id":1295,"href":"https:\/\/casasvalledelsilencio.com\/en\/wp-json\/wp\/v2\/pages\/1291\/revisions\/1295"}],"wp:attachment":[{"href":"https:\/\/casasvalledelsilencio.com\/en\/wp-json\/wp\/v2\/media?parent=1291"}],"curies":[{"name":"wp","href":"https:\/\/api.w.org\/{rel}","templated":true}]}}