{"id":1553,"date":"2025-01-30T09:45:52","date_gmt":"2025-01-30T09:45:52","guid":{"rendered":"https:\/\/casasvalledelsilencio.com\/?page_id=1553"},"modified":"2025-01-30T09:50:46","modified_gmt":"2025-01-30T09:50:46","slug":"bodegas-gancedo","status":"publish","type":"page","link":"https:\/\/casasvalledelsilencio.com\/en\/bodegas-gancedo\/","title":{"rendered":"Bodegas Gancedo"},"content":{"rendered":"<div data-elementor-type=\"wp-page\" data-elementor-id=\"1553\" class=\"elementor elementor-1553\" data-elementor-post-type=\"page\">\n\t\t\t\t<div class=\"elementor-element elementor-element-a90f682 e-flex e-con-boxed e-con e-parent\" data-id=\"a90f682\" data-element_type=\"container\" data-settings=\"{&quot;background_background&quot;:&quot;classic&quot;}\">\n\t\t\t\t\t<div class=\"e-con-inner\">\n\t\t\t\t<div class=\"elementor-element elementor-element-df0e53d elementor-widget elementor-widget-heading\" data-id=\"df0e53d\" data-element_type=\"widget\" data-widget_type=\"heading.default\">\n\t\t\t\t<div class=\"elementor-widget-container\">\n\t\t\t\t\t<h2 class=\"elementor-heading-title elementor-size-default\">Bodegas Gancedo<\/h2>\t\t\t\t<\/div>\n\t\t\t\t<\/div>\n\t\t\t\t<div class=\"elementor-element elementor-element-0ddacad elementor-widget elementor-widget-text-editor\" data-id=\"0ddacad\" data-element_type=\"widget\" data-widget_type=\"text-editor.default\">\n\t\t\t\t<div class=\"elementor-widget-container\">\n\t\t\t\t\t\t\t\t\t<p>Gancedo es una <strong>bodega familiar<\/strong> en <strong>Quil\u00f3s (Cacabelos), El Bierzo<\/strong>. Son <strong>viticultores y elaboradores<\/strong>, con <strong>80 hect\u00e1reas de vi\u00f1edo<\/strong>. Apuestan por las <strong>variedades aut\u00f3ctonas<\/strong> (<strong>Godello, Do\u00f1a Blanca y Menc\u00eda<\/strong>) y la <strong>recuperaci\u00f3n de vi\u00f1edos centenarios<\/strong> con una <strong>viticultura ecol\u00f3gica<\/strong>, promoviendo la <strong>sostenibilidad<\/strong>.<\/p><p>La <strong>vendimia manual<\/strong> se realiza en <strong>septiembre<\/strong> en cajas de <strong>15\/20 kg<\/strong>. Sus <strong>vi\u00f1edos<\/strong>, entre <strong>600 y 750 metros<\/strong> de altitud, rodean la bodega (<strong>Pieros, Canedo, San Miguel&#8230;<\/strong>).<\/p><p>El <strong>Godello<\/strong> destaca en <strong>Lamas de Pic\u00f3n (Canedo)<\/strong>, con suelos <strong>franco arenosos y pedregosos<\/strong>, permitiendo un <strong>ciclo de maduraci\u00f3n \u00f3ptimo<\/strong>. La <strong>Menc\u00eda<\/strong> crece en suelos <strong>franco arcillosos con pizarra<\/strong> y en <strong>San Miguel (Arganza)<\/strong> con <strong>suelos calc\u00e1reos<\/strong>, condiciones ideales para vinos de <strong>gran calidad<\/strong>.<\/p><p>Gracias al <strong>microclima, el terru\u00f1o y su trabajo<\/strong>, Gancedo logra vinos con <strong>elegancia y estructura<\/strong>.<br \/><em>\u00abQueremos que su sabor te transporte al vi\u00f1edo.\u00bb<\/em><\/p>\t\t\t\t\t\t\t\t<\/div>\n\t\t\t\t<\/div>\n\t\t\t\t\t<\/div>\n\t\t\t\t<\/div>\n\t\t<div class=\"elementor-element elementor-element-4717718 e-con-full e-flex e-con e-parent\" data-id=\"4717718\" data-element_type=\"container\" data-settings=\"{&quot;background_background&quot;:&quot;classic&quot;}\">\n\t\t<div class=\"elementor-element elementor-element-ffbbf40 e-flex e-con-boxed e-con e-child\" data-id=\"ffbbf40\" data-element_type=\"container\">\n\t\t\t\t\t<div class=\"e-con-inner\">\n\t\t\t\t<div class=\"elementor-element elementor-element-f6a1643 elementor-skin-coverflow elementor-pagination-type-bullets elementor-pagination-position-outside elementor-widget elementor-widget-media-carousel\" data-id=\"f6a1643\" data-element_type=\"widget\" data-settings=\"{&quot;skin&quot;:&quot;coverflow&quot;,&quot;space_between&quot;:{&quot;unit&quot;:&quot;px&quot;,&quot;size&quot;:14,&quot;sizes&quot;:[]},&quot;pagination&quot;:&quot;bullets&quot;,&quot;speed&quot;:500,&quot;autoplay&quot;:&quot;yes&quot;,&quot;autoplay_speed&quot;:5000,&quot;loop&quot;:&quot;yes&quot;,&quot;pause_on_hover&quot;:&quot;yes&quot;,&quot;pause_on_interaction&quot;:&quot;yes&quot;,&quot;space_between_tablet&quot;:{&quot;unit&quot;:&quot;px&quot;,&quot;size&quot;:10,&quot;sizes&quot;:[]},&quot;space_between_mobile&quot;:{&quot;unit&quot;:&quot;px&quot;,&quot;size&quot;:10,&quot;sizes&quot;:[]}}\" data-widget_type=\"media-carousel.default\">\n\t\t\t\t<div class=\"elementor-widget-container\">\n\t\t\t\t\t\t\t\t\t<div class=\"elementor-swiper\">\n\t\t\t\t\t<div class=\"elementor-main-swiper swiper\" role=\"region\" aria-roledescription=\"carousel\" aria-label=\"Diapositivas\">\n\t\t\t\t<div class=\"swiper-wrapper\">\n\t\t\t\t\t\t\t\t\t\t\t<div class=\"swiper-slide\" role=\"group\" aria-roledescription=\"slide\">\n\t\t\t\t\t\t\t\t\t<div class=\"elementor-carousel-image\" role=\"img\" aria-label=\"Bodegas Gancedo\" style=\"background-image: url(&#039;https:\/\/casasvalledelsilencio.com\/wp-content\/uploads\/2025\/01\/215A0619-1024x683.jpg.webp&#039;)\">\n\n\t\t\t\n\t\t\t\t\t<\/div>\n\t\t\t\t\t\t\t\t<\/div>\n\t\t\t\t\t\t\t\t\t\t\t<div class=\"swiper-slide\" role=\"group\" aria-roledescription=\"slide\">\n\t\t\t\t\t\t\t\t\t<div class=\"elementor-carousel-image\" role=\"img\" aria-label=\"Bodegas Gancedo\" style=\"background-image: url(&#039;https:\/\/casasvalledelsilencio.com\/wp-content\/uploads\/2025\/01\/BODEGAS-Y-VINEDOS-GANCEDO.png&#039;)\">\n\n\t\t\t\n\t\t\t\t\t<\/div>\n\t\t\t\t\t\t\t\t<\/div>\n\t\t\t\t\t\t\t\t\t\t\t<div class=\"swiper-slide\" role=\"group\" aria-roledescription=\"slide\">\n\t\t\t\t\t\t\t\t\t<div class=\"elementor-carousel-image\" role=\"img\" aria-label=\"Bodegas Gancedo\" style=\"background-image: url(&#039;https:\/\/casasvalledelsilencio.com\/wp-content\/uploads\/2025\/01\/gancedo-elviaje-vino.jpg.webp&#039;)\">\n\n\t\t\t\n\t\t\t\t\t<\/div>\n\t\t\t\t\t\t\t\t<\/div>\n\t\t\t\t\t\t\t\t\t\t\t<div class=\"swiper-slide\" role=\"group\" aria-roledescription=\"slide\">\n\t\t\t\t\t\t\t\t\t<div class=\"elementor-carousel-image\" role=\"img\" aria-label=\"Bodegas Gancedo\" style=\"background-image: url(&#039;https:\/\/casasvalledelsilencio.com\/wp-content\/uploads\/2025\/01\/gancedo-el-viaje-al-centro-del-vino.jpg.webp&#039;)\">\n\n\t\t\t\n\t\t\t\t\t<\/div>\n\t\t\t\t\t\t\t\t<\/div>\n\t\t\t\t\t\t\t\t\t<\/div>\n\t\t\t\t\t\t\t\t\t\t\t\t\t\t\t\t\t\t\t\t<div class=\"swiper-pagination\"><\/div>\n\t\t\t\t\t\t\t\t\t\t\t\t<\/div>\n\t\t\t\t<\/div>\n\t\t\t\t\t\t\t\t<\/div>\n\t\t\t\t<\/div>\n\t\t\t\t\t<\/div>\n\t\t\t\t<\/div>\n\t\t\t\t<\/div>\n\t\t\t\t<\/div>","protected":false},"excerpt":{"rendered":"<p>Bodegas Gancedo Gancedo es una bodega familiar en Quil\u00f3s (Cacabelos), El Bierzo. Son viticultores y elaboradores, con 80 hect\u00e1reas de vi\u00f1edo. Apuestan por las variedades aut\u00f3ctonas (Godello, Do\u00f1a Blanca y Menc\u00eda) y la recuperaci\u00f3n de vi\u00f1edos centenarios con una viticultura ecol\u00f3gica, promoviendo la sostenibilidad. La vendimia manual se realiza en septiembre en cajas de 15\/20 [&hellip;]<\/p>","protected":false},"author":1,"featured_media":0,"parent":0,"menu_order":0,"comment_status":"closed","ping_status":"closed","template":"","meta":{"footnotes":""},"class_list":["post-1553","page","type-page","status-publish","hentry"],"_links":{"self":[{"href":"https:\/\/casasvalledelsilencio.com\/en\/wp-json\/wp\/v2\/pages\/1553","targetHints":{"allow":["GET"]}}],"collection":[{"href":"https:\/\/casasvalledelsilencio.com\/en\/wp-json\/wp\/v2\/pages"}],"about":[{"href":"https:\/\/casasvalledelsilencio.com\/en\/wp-json\/wp\/v2\/types\/page"}],"author":[{"embeddable":true,"href":"https:\/\/casasvalledelsilencio.com\/en\/wp-json\/wp\/v2\/users\/1"}],"replies":[{"embeddable":true,"href":"https:\/\/casasvalledelsilencio.com\/en\/wp-json\/wp\/v2\/comments?post=1553"}],"version-history":[{"count":7,"href":"https:\/\/casasvalledelsilencio.com\/en\/wp-json\/wp\/v2\/pages\/1553\/revisions"}],"predecessor-version":[{"id":1567,"href":"https:\/\/casasvalledelsilencio.com\/en\/wp-json\/wp\/v2\/pages\/1553\/revisions\/1567"}],"wp:attachment":[{"href":"https:\/\/casasvalledelsilencio.com\/en\/wp-json\/wp\/v2\/media?parent=1553"}],"curies":[{"name":"wp","href":"https:\/\/api.w.org\/{rel}","templated":true}]}}