{"id":229,"date":"2024-12-21T10:04:39","date_gmt":"2024-12-21T10:04:39","guid":{"rendered":"https:\/\/casasvalledelsilencio.com\/?page_id=229"},"modified":"2025-01-22T11:54:20","modified_gmt":"2025-01-22T11:54:20","slug":"penalba-de-santiago","status":"publish","type":"page","link":"https:\/\/casasvalledelsilencio.com\/en\/penalba-de-santiago\/","title":{"rendered":"Pe\u00f1alba de Santiago"},"content":{"rendered":"<div data-elementor-type=\"wp-page\" data-elementor-id=\"229\" class=\"elementor elementor-229\" data-elementor-post-type=\"page\">\n\t\t\t\t<div class=\"elementor-element elementor-element-fb537e9 e-flex e-con-boxed e-con e-parent\" data-id=\"fb537e9\" data-element_type=\"container\" data-settings=\"{&quot;background_background&quot;:&quot;classic&quot;}\">\n\t\t\t\t\t<div class=\"e-con-inner\">\n\t\t\t\t<div class=\"elementor-element elementor-element-559d9ae elementor-widget elementor-widget-heading\" data-id=\"559d9ae\" data-element_type=\"widget\" data-widget_type=\"heading.default\">\n\t\t\t\t<div class=\"elementor-widget-container\">\n\t\t\t\t\t<h2 class=\"elementor-heading-title elementor-size-default\">Pe\u00f1alba de Santiago<\/h2>\t\t\t\t<\/div>\n\t\t\t\t<\/div>\n\t\t\t\t<div class=\"elementor-element elementor-element-485960c elementor-widget elementor-widget-text-editor\" data-id=\"485960c\" data-element_type=\"widget\" data-widget_type=\"text-editor.default\">\n\t\t\t\t<div class=\"elementor-widget-container\">\n\t\t\t\t\t\t\t\t\t<p>Pe\u00f1alba de Santiago, reconocido como uno de los pueblos <strong>m\u00e1s bonitos<\/strong> de Espa\u00f1a, es un aut\u00e9ntico tesoro en el <strong>coraz\u00f3n<\/strong> del Bierzo. Este peque\u00f1o rinc\u00f3n <strong>deslumbra<\/strong> con su arquitectura tradicional, donde las casas de piedra con tejados de pizarra se integran <strong>armoniosamente<\/strong> en un entorno natural de excepcional belleza.<\/p><p>Pasear por sus calles empedradas es como<strong> viajar en el tiempo<\/strong>, disfrutando de un ambiente tranquilo y aut\u00e9ntico que invita a desconectar del ajetreo diario. Su <strong>joya<\/strong> m\u00e1s emblem\u00e1tica es la <strong>iglesia de Santiago<\/strong>, un singular templo moz\u00e1rabe del <strong>siglo X<\/strong> que sorprende por su estilo arquitect\u00f3nico y por ser testimonio de una rica historia cultural y espiritual.<\/p><p>Rodeado de monta\u00f1as y paisajes <strong>impresionantes<\/strong>, Pe\u00f1alba es tambi\u00e9n un destino<strong> ideal<\/strong> para los amantes de la naturaleza, ofreciendo rutas de senderismo que conectan con el cercano Valle del Silencio. Este lugar <strong>m\u00e1gico<\/strong> combina historia, encanto rural y una conexi\u00f3n \u00fanica con la naturaleza. \u00a1Un destino imprescindible!<\/p>\t\t\t\t\t\t\t\t<\/div>\n\t\t\t\t<\/div>\n\t\t\t\t\t<\/div>\n\t\t\t\t<\/div>\n\t\t<div class=\"elementor-element elementor-element-0ed55d7 e-con-full e-flex e-con e-parent\" data-id=\"0ed55d7\" data-element_type=\"container\" data-settings=\"{&quot;background_background&quot;:&quot;classic&quot;}\">\n\t\t<div class=\"elementor-element elementor-element-efd8453 e-flex e-con-boxed e-con e-child\" data-id=\"efd8453\" data-element_type=\"container\">\n\t\t\t\t\t<div class=\"e-con-inner\">\n\t\t\t\t<div class=\"elementor-element elementor-element-1cab690 elementor-skin-coverflow elementor-pagination-type-bullets elementor-pagination-position-outside elementor-widget elementor-widget-media-carousel\" data-id=\"1cab690\" data-element_type=\"widget\" data-settings=\"{&quot;skin&quot;:&quot;coverflow&quot;,&quot;space_between&quot;:{&quot;unit&quot;:&quot;px&quot;,&quot;size&quot;:14,&quot;sizes&quot;:[]},&quot;pagination&quot;:&quot;bullets&quot;,&quot;speed&quot;:500,&quot;autoplay&quot;:&quot;yes&quot;,&quot;autoplay_speed&quot;:5000,&quot;loop&quot;:&quot;yes&quot;,&quot;pause_on_hover&quot;:&quot;yes&quot;,&quot;pause_on_interaction&quot;:&quot;yes&quot;,&quot;space_between_tablet&quot;:{&quot;unit&quot;:&quot;px&quot;,&quot;size&quot;:10,&quot;sizes&quot;:[]},&quot;space_between_mobile&quot;:{&quot;unit&quot;:&quot;px&quot;,&quot;size&quot;:10,&quot;sizes&quot;:[]}}\" data-widget_type=\"media-carousel.default\">\n\t\t\t\t<div class=\"elementor-widget-container\">\n\t\t\t\t\t\t\t\t\t<div class=\"elementor-swiper\">\n\t\t\t\t\t<div class=\"elementor-main-swiper swiper\" role=\"region\" aria-roledescription=\"carousel\" aria-label=\"Diapositivas\">\n\t\t\t\t<div class=\"swiper-wrapper\">\n\t\t\t\t\t\t\t\t\t\t\t<div class=\"swiper-slide\" role=\"group\" aria-roledescription=\"slide\">\n\t\t\t\t\t\t\t\t\t<div class=\"elementor-carousel-image\" role=\"img\" aria-label=\"Iglesia-Pe\u00f1alba-de-Santiago\" style=\"background-image: url(&#039;https:\/\/casasvalledelsilencio.com\/wp-content\/uploads\/2024\/12\/Iglesia-Penalba-de-Santiago.jpg&#039;)\">\n\n\t\t\t\n\t\t\t\t\t<\/div>\n\t\t\t\t\t\t\t\t<\/div>\n\t\t\t\t\t\t\t\t\t\t\t<div class=\"swiper-slide\" role=\"group\" aria-roledescription=\"slide\">\n\t\t\t\t\t\t\t\t\t<div class=\"elementor-carousel-image\" role=\"img\" aria-label=\"Pe\u00f1alba+de+Santiago+Bierzo+Le\u00f3n+4\" style=\"background-image: url(&#039;https:\/\/casasvalledelsilencio.com\/wp-content\/uploads\/2024\/12\/PenalbadeSantiagoBierzoLeon4.jpg&#039;)\">\n\n\t\t\t\n\t\t\t\t\t<\/div>\n\t\t\t\t\t\t\t\t<\/div>\n\t\t\t\t\t\t\t\t\t\t\t<div class=\"swiper-slide\" role=\"group\" aria-roledescription=\"slide\">\n\t\t\t\t\t\t\t\t\t<div class=\"elementor-carousel-image\" role=\"img\" aria-label=\"penalba-de-santiago\" style=\"background-image: url(&#039;https:\/\/casasvalledelsilencio.com\/wp-content\/uploads\/2024\/12\/penalba-de-santiago.jpg&#039;)\">\n\n\t\t\t\n\t\t\t\t\t<\/div>\n\t\t\t\t\t\t\t\t<\/div>\n\t\t\t\t\t\t\t\t\t\t\t<div class=\"swiper-slide\" role=\"group\" aria-roledescription=\"slide\">\n\t\t\t\t\t\t\t\t\t<div class=\"elementor-carousel-image\" role=\"img\" aria-label=\"Pe\u00f1alba De Santiago\" style=\"background-image: url(&#039;https:\/\/casasvalledelsilencio.com\/wp-content\/uploads\/2024\/12\/o_1b64rd375p74qrq1l3519d7sta9.jpg&#039;)\">\n\n\t\t\t\n\t\t\t\t\t<\/div>\n\t\t\t\t\t\t\t\t<\/div>\n\t\t\t\t\t\t\t\t\t<\/div>\n\t\t\t\t\t\t\t\t\t\t\t\t\t\t\t\t\t\t\t\t<div class=\"swiper-pagination\"><\/div>\n\t\t\t\t\t\t\t\t\t\t\t\t<\/div>\n\t\t\t\t<\/div>\n\t\t\t\t\t\t\t\t<\/div>\n\t\t\t\t<\/div>\n\t\t\t\t\t<\/div>\n\t\t\t\t<\/div>\n\t\t\t\t<\/div>\n\t\t\t\t<\/div>","protected":false},"excerpt":{"rendered":"<p>Pe\u00f1alba de Santiago Pe\u00f1alba de Santiago, reconocido como uno de los pueblos m\u00e1s bonitos de Espa\u00f1a, es un aut\u00e9ntico tesoro en el coraz\u00f3n del Bierzo. Este peque\u00f1o rinc\u00f3n deslumbra con su arquitectura tradicional, donde las casas de piedra con tejados de pizarra se integran armoniosamente en un entorno natural de excepcional belleza. Pasear por sus [&hellip;]<\/p>","protected":false},"author":1,"featured_media":0,"parent":0,"menu_order":0,"comment_status":"closed","ping_status":"closed","template":"","meta":{"footnotes":""},"class_list":["post-229","page","type-page","status-publish","hentry"],"_links":{"self":[{"href":"https:\/\/casasvalledelsilencio.com\/en\/wp-json\/wp\/v2\/pages\/229","targetHints":{"allow":["GET"]}}],"collection":[{"href":"https:\/\/casasvalledelsilencio.com\/en\/wp-json\/wp\/v2\/pages"}],"about":[{"href":"https:\/\/casasvalledelsilencio.com\/en\/wp-json\/wp\/v2\/types\/page"}],"author":[{"embeddable":true,"href":"https:\/\/casasvalledelsilencio.com\/en\/wp-json\/wp\/v2\/users\/1"}],"replies":[{"embeddable":true,"href":"https:\/\/casasvalledelsilencio.com\/en\/wp-json\/wp\/v2\/comments?post=229"}],"version-history":[{"count":22,"href":"https:\/\/casasvalledelsilencio.com\/en\/wp-json\/wp\/v2\/pages\/229\/revisions"}],"predecessor-version":[{"id":1451,"href":"https:\/\/casasvalledelsilencio.com\/en\/wp-json\/wp\/v2\/pages\/229\/revisions\/1451"}],"wp:attachment":[{"href":"https:\/\/casasvalledelsilencio.com\/en\/wp-json\/wp\/v2\/media?parent=229"}],"curies":[{"name":"wp","href":"https:\/\/api.w.org\/{rel}","templated":true}]}}