{"id":244,"date":"2024-12-21T10:24:54","date_gmt":"2024-12-21T10:24:54","guid":{"rendered":"https:\/\/casasvalledelsilencio.com\/?page_id=244"},"modified":"2025-01-22T11:54:13","modified_gmt":"2025-01-22T11:54:13","slug":"monasterio-de-san-pedro-de-montes","status":"publish","type":"page","link":"https:\/\/casasvalledelsilencio.com\/en\/monasterio-de-san-pedro-de-montes\/","title":{"rendered":"Monasterio de San Pedro de Montes"},"content":{"rendered":"<div data-elementor-type=\"wp-page\" data-elementor-id=\"244\" class=\"elementor elementor-244\" data-elementor-post-type=\"page\">\n\t\t\t\t<div class=\"elementor-element elementor-element-85bbe4c e-flex e-con-boxed e-con e-parent\" data-id=\"85bbe4c\" data-element_type=\"container\" data-settings=\"{&quot;background_background&quot;:&quot;classic&quot;}\">\n\t\t\t\t\t<div class=\"e-con-inner\">\n\t\t\t\t<div class=\"elementor-element elementor-element-ce5b78c elementor-widget elementor-widget-heading\" data-id=\"ce5b78c\" data-element_type=\"widget\" data-widget_type=\"heading.default\">\n\t\t\t\t<div class=\"elementor-widget-container\">\n\t\t\t\t\t<h2 class=\"elementor-heading-title elementor-size-default\">Monasterio de San Pedro de Montes<\/h2>\t\t\t\t<\/div>\n\t\t\t\t<\/div>\n\t\t\t\t<div class=\"elementor-element elementor-element-e270ba6 elementor-widget elementor-widget-text-editor\" data-id=\"e270ba6\" data-element_type=\"widget\" data-widget_type=\"text-editor.default\">\n\t\t\t\t<div class=\"elementor-widget-container\">\n\t\t\t\t\t\t\t\t\t<p>Rodeado por un entorno natural <strong>incomparable<\/strong>, el Monasterio de Montes es un lugar lleno de <strong>paz y espiritualidad<\/strong> que transporta a quienes lo visitan a la vida mon\u00e1stica medieval. Fundado en el <strong>siglo VII<\/strong> y restaurado por los monjes benedictinos en el <strong>siglo IX<\/strong>, este monasterio milenario conserva la esencia de un pasado lleno de historia y devoci\u00f3n.<\/p><p>Sus restos arquitect\u00f3nicos, como el claustro, la iglesia y las antiguas dependencias, cuentan la historia de una <strong>comunidad religiosa<\/strong> que dej\u00f3 una huella imborrable en el Bierzo. Cada rinc\u00f3n del monasterio invita <strong>a la reflexi\u00f3n y la conexi\u00f3n<\/strong> con la tranquilidad de su entorno natural.<\/p><p>Perfecto para los <strong>amantes<\/strong> de la historia y la espiritualidad, el Monasterio de Montes es un refugio <strong>ideal<\/strong> para desconectar y sumergirse en la riqueza cultural y paisaj\u00edstica de la regi\u00f3n. Un lugar <strong>m\u00e1gico<\/strong> donde la naturaleza y el pasado se unen, haciendo de cada visita una experiencia \u00fanica. \u00a1Desc\u00fabrelo!<\/p>\t\t\t\t\t\t\t\t<\/div>\n\t\t\t\t<\/div>\n\t\t\t\t\t<\/div>\n\t\t\t\t<\/div>\n\t\t<div class=\"elementor-element elementor-element-1ed3cb2 e-con-full e-flex e-con e-parent\" data-id=\"1ed3cb2\" data-element_type=\"container\" data-settings=\"{&quot;background_background&quot;:&quot;classic&quot;}\">\n\t\t<div class=\"elementor-element elementor-element-87cc847 e-flex e-con-boxed e-con e-child\" data-id=\"87cc847\" data-element_type=\"container\">\n\t\t\t\t\t<div class=\"e-con-inner\">\n\t\t\t\t<div class=\"elementor-element elementor-element-f8d36a5 elementor-skin-coverflow elementor-pagination-type-bullets elementor-pagination-position-outside elementor-widget elementor-widget-media-carousel\" data-id=\"f8d36a5\" data-element_type=\"widget\" data-settings=\"{&quot;skin&quot;:&quot;coverflow&quot;,&quot;space_between&quot;:{&quot;unit&quot;:&quot;px&quot;,&quot;size&quot;:14,&quot;sizes&quot;:[]},&quot;pagination&quot;:&quot;bullets&quot;,&quot;speed&quot;:500,&quot;autoplay&quot;:&quot;yes&quot;,&quot;autoplay_speed&quot;:5000,&quot;loop&quot;:&quot;yes&quot;,&quot;pause_on_hover&quot;:&quot;yes&quot;,&quot;pause_on_interaction&quot;:&quot;yes&quot;,&quot;space_between_tablet&quot;:{&quot;unit&quot;:&quot;px&quot;,&quot;size&quot;:10,&quot;sizes&quot;:[]},&quot;space_between_mobile&quot;:{&quot;unit&quot;:&quot;px&quot;,&quot;size&quot;:10,&quot;sizes&quot;:[]}}\" data-widget_type=\"media-carousel.default\">\n\t\t\t\t<div class=\"elementor-widget-container\">\n\t\t\t\t\t\t\t\t\t<div class=\"elementor-swiper\">\n\t\t\t\t\t<div class=\"elementor-main-swiper swiper\" role=\"region\" aria-roledescription=\"carousel\" aria-label=\"Diapositivas\">\n\t\t\t\t<div class=\"swiper-wrapper\">\n\t\t\t\t\t\t\t\t\t\t\t<div class=\"swiper-slide\" role=\"group\" aria-roledescription=\"slide\">\n\t\t\t\t\t\t\t\t\t<div class=\"elementor-carousel-image\" role=\"img\" aria-label=\"San_Pedro_de_Montes_3\" style=\"background-image: url(&#039;https:\/\/casasvalledelsilencio.com\/wp-content\/uploads\/2024\/12\/San_Pedro_de_Montes_3.jpg&#039;)\">\n\n\t\t\t\n\t\t\t\t\t<\/div>\n\t\t\t\t\t\t\t\t<\/div>\n\t\t\t\t\t\t\t\t\t\t\t<div class=\"swiper-slide\" role=\"group\" aria-roledescription=\"slide\">\n\t\t\t\t\t\t\t\t\t<div class=\"elementor-carousel-image\" role=\"img\" aria-label=\"San_Pedro_de_Montes_6\" style=\"background-image: url(&#039;https:\/\/casasvalledelsilencio.com\/wp-content\/uploads\/2024\/12\/San_Pedro_de_Montes_6.jpg&#039;)\">\n\n\t\t\t\n\t\t\t\t\t<\/div>\n\t\t\t\t\t\t\t\t<\/div>\n\t\t\t\t\t\t\t\t\t\t\t<div class=\"swiper-slide\" role=\"group\" aria-roledescription=\"slide\">\n\t\t\t\t\t\t\t\t\t<div class=\"elementor-carousel-image\" role=\"img\" aria-label=\"800px-Montes_de_Valdueza_-_Monasterio_de_San_Pedro_de_Montes7\" style=\"background-image: url(&#039;https:\/\/casasvalledelsilencio.com\/wp-content\/uploads\/2024\/12\/800px-Montes_de_Valdueza_-_Monasterio_de_San_Pedro_de_Montes7.jpg&#039;)\">\n\n\t\t\t\n\t\t\t\t\t<\/div>\n\t\t\t\t\t\t\t\t<\/div>\n\t\t\t\t\t\t\t\t\t\t\t<div class=\"swiper-slide\" role=\"group\" aria-roledescription=\"slide\">\n\t\t\t\t\t\t\t\t\t<div class=\"elementor-carousel-image\" role=\"img\" aria-label=\"San-Pedro-Montes-paisaje\" style=\"background-image: url(&#039;https:\/\/casasvalledelsilencio.com\/wp-content\/uploads\/2024\/12\/San-Pedro-Montes-paisaje.jpg&#039;)\">\n\n\t\t\t\n\t\t\t\t\t<\/div>\n\t\t\t\t\t\t\t\t<\/div>\n\t\t\t\t\t\t\t\t\t<\/div>\n\t\t\t\t\t\t\t\t\t\t\t\t\t\t\t\t\t\t\t\t<div class=\"swiper-pagination\"><\/div>\n\t\t\t\t\t\t\t\t\t\t\t\t<\/div>\n\t\t\t\t<\/div>\n\t\t\t\t\t\t\t\t<\/div>\n\t\t\t\t<\/div>\n\t\t\t\t\t<\/div>\n\t\t\t\t<\/div>\n\t\t\t\t<\/div>\n\t\t\t\t<\/div>","protected":false},"excerpt":{"rendered":"<p>Monasterio de San Pedro de Montes Rodeado por un entorno natural incomparable, el Monasterio de Montes es un lugar lleno de paz y espiritualidad que transporta a quienes lo visitan a la vida mon\u00e1stica medieval. Fundado en el siglo VII y restaurado por los monjes benedictinos en el siglo IX, este monasterio milenario conserva la [&hellip;]<\/p>","protected":false},"author":1,"featured_media":0,"parent":0,"menu_order":0,"comment_status":"closed","ping_status":"closed","template":"","meta":{"footnotes":""},"class_list":["post-244","page","type-page","status-publish","hentry"],"_links":{"self":[{"href":"https:\/\/casasvalledelsilencio.com\/en\/wp-json\/wp\/v2\/pages\/244","targetHints":{"allow":["GET"]}}],"collection":[{"href":"https:\/\/casasvalledelsilencio.com\/en\/wp-json\/wp\/v2\/pages"}],"about":[{"href":"https:\/\/casasvalledelsilencio.com\/en\/wp-json\/wp\/v2\/types\/page"}],"author":[{"embeddable":true,"href":"https:\/\/casasvalledelsilencio.com\/en\/wp-json\/wp\/v2\/users\/1"}],"replies":[{"embeddable":true,"href":"https:\/\/casasvalledelsilencio.com\/en\/wp-json\/wp\/v2\/comments?post=244"}],"version-history":[{"count":25,"href":"https:\/\/casasvalledelsilencio.com\/en\/wp-json\/wp\/v2\/pages\/244\/revisions"}],"predecessor-version":[{"id":1448,"href":"https:\/\/casasvalledelsilencio.com\/en\/wp-json\/wp\/v2\/pages\/244\/revisions\/1448"}],"wp:attachment":[{"href":"https:\/\/casasvalledelsilencio.com\/en\/wp-json\/wp\/v2\/media?parent=244"}],"curies":[{"name":"wp","href":"https:\/\/api.w.org\/{rel}","templated":true}]}}