{"id":714,"date":"2025-01-02T09:45:19","date_gmt":"2025-01-02T09:45:19","guid":{"rendered":"https:\/\/casasvalledelsilencio.com\/?page_id=714"},"modified":"2025-01-22T11:57:11","modified_gmt":"2025-01-22T11:57:11","slug":"la-casa-del-botillo","status":"publish","type":"page","link":"https:\/\/casasvalledelsilencio.com\/en\/la-casa-del-botillo\/","title":{"rendered":"La casa del Botillo"},"content":{"rendered":"<div data-elementor-type=\"wp-page\" data-elementor-id=\"714\" class=\"elementor elementor-714\" data-elementor-post-type=\"page\">\n\t\t\t\t<div class=\"elementor-element elementor-element-ebad31b e-flex e-con-boxed e-con e-parent\" data-id=\"ebad31b\" data-element_type=\"container\" data-settings=\"{&quot;background_background&quot;:&quot;classic&quot;}\">\n\t\t\t\t\t<div class=\"e-con-inner\">\n\t\t\t\t<div class=\"elementor-element elementor-element-42e8cd9 elementor-widget elementor-widget-heading\" data-id=\"42e8cd9\" data-element_type=\"widget\" data-widget_type=\"heading.default\">\n\t\t\t\t<div class=\"elementor-widget-container\">\n\t\t\t\t\t<h2 class=\"elementor-heading-title elementor-size-default\">La casa del Botillo<\/h2>\t\t\t\t<\/div>\n\t\t\t\t<\/div>\n\t\t\t\t<div class=\"elementor-element elementor-element-a8ebe4c elementor-widget elementor-widget-text-editor\" data-id=\"a8ebe4c\" data-element_type=\"widget\" data-widget_type=\"text-editor.default\">\n\t\t\t\t<div class=\"elementor-widget-container\">\n\t\t\t\t\t\t\t\t\t<p>Ubicado en el coraz\u00f3n de la comarca,<span style=\"text-decoration: underline;\"><a href=\"https:\/\/www.lacasadelbotillo.com\"> <strong>La casa del Botillo<\/strong><\/a><\/span> combina la <strong>arquitectura tradicional<\/strong> de la regi\u00f3n con un dise\u00f1o <strong>acogedor<\/strong> y <strong>moderno<\/strong>. Su caracter\u00edstico <strong>tejado de losa<\/strong>, imponente y hospitalario, da la <strong>bienvenida<\/strong> a todos los visitantes. La <strong>edificaci\u00f3n<\/strong> destaca por su <strong>robustez<\/strong>, <strong>equilibrio<\/strong> y <strong>diversidad de espacios<\/strong>, ideales para disfrutar de una experiencia \u00fanica.<\/p><p>En el exterior, una <strong>galer\u00eda acristalada<\/strong> protege la <strong>terraza<\/strong>, permitiendo que los comensales disfruten de las <strong>vistas<\/strong> y la <strong>tranquilidad<\/strong> del entorno en cualquier \u00e9poca del a\u00f1o. El restaurante est\u00e1 rodeado por un cuidado <strong>seto<\/strong> y se encuentra resguardado por la <strong>ladera del Pajariel<\/strong>, lo que lo convierte en un rinc\u00f3n \u00edntimo y especial.<\/p><p>Al cruzar sus puertas, el <strong>interior<\/strong> cautiva con detalles sutiles que reflejan el <strong>mimo<\/strong> con el que se ha dise\u00f1ado cada espacio. <strong>La casa del Botillo<\/strong> no solo ofrece una <strong>experiencia gastron\u00f3mica<\/strong>, sino un lugar donde la <strong>tradici\u00f3n<\/strong> y la <strong>comodidad<\/strong> se encuentran.<\/p>\t\t\t\t\t\t\t\t<\/div>\n\t\t\t\t<\/div>\n\t\t\t\t\t<\/div>\n\t\t\t\t<\/div>\n\t\t<div class=\"elementor-element elementor-element-0015952 e-con-full e-flex e-con e-parent\" data-id=\"0015952\" data-element_type=\"container\" data-settings=\"{&quot;background_background&quot;:&quot;classic&quot;}\">\n\t\t<div class=\"elementor-element elementor-element-287a1c7 e-flex e-con-boxed e-con e-child\" data-id=\"287a1c7\" data-element_type=\"container\">\n\t\t\t\t\t<div class=\"e-con-inner\">\n\t\t\t\t<div class=\"elementor-element elementor-element-d82d263 elementor-skin-coverflow elementor-pagination-type-bullets elementor-pagination-position-outside elementor-widget elementor-widget-media-carousel\" data-id=\"d82d263\" data-element_type=\"widget\" data-settings=\"{&quot;skin&quot;:&quot;coverflow&quot;,&quot;space_between&quot;:{&quot;unit&quot;:&quot;px&quot;,&quot;size&quot;:14,&quot;sizes&quot;:[]},&quot;pagination&quot;:&quot;bullets&quot;,&quot;speed&quot;:500,&quot;autoplay&quot;:&quot;yes&quot;,&quot;autoplay_speed&quot;:5000,&quot;loop&quot;:&quot;yes&quot;,&quot;pause_on_hover&quot;:&quot;yes&quot;,&quot;pause_on_interaction&quot;:&quot;yes&quot;,&quot;space_between_tablet&quot;:{&quot;unit&quot;:&quot;px&quot;,&quot;size&quot;:10,&quot;sizes&quot;:[]},&quot;space_between_mobile&quot;:{&quot;unit&quot;:&quot;px&quot;,&quot;size&quot;:10,&quot;sizes&quot;:[]}}\" data-widget_type=\"media-carousel.default\">\n\t\t\t\t<div class=\"elementor-widget-container\">\n\t\t\t\t\t\t\t\t\t<div class=\"elementor-swiper\">\n\t\t\t\t\t<div class=\"elementor-main-swiper swiper\" role=\"region\" aria-roledescription=\"carousel\" aria-label=\"Diapositivas\">\n\t\t\t\t<div class=\"swiper-wrapper\">\n\t\t\t\t\t\t\t\t\t\t\t<div class=\"swiper-slide\" role=\"group\" aria-roledescription=\"slide\">\n\t\t\t\t\t\t\t\t\t<div class=\"elementor-carousel-image\" role=\"img\" aria-label=\"dd98ce4a-697e-4615-be26-398aa9e606fd\" style=\"background-image: url(&#039;https:\/\/casasvalledelsilencio.com\/wp-content\/uploads\/2025\/01\/dd98ce4a-697e-4615-be26-398aa9e606fd.jpg&#039;)\">\n\n\t\t\t\n\t\t\t\t\t<\/div>\n\t\t\t\t\t\t\t\t<\/div>\n\t\t\t\t\t\t\t\t\t\t\t<div class=\"swiper-slide\" role=\"group\" aria-roledescription=\"slide\">\n\t\t\t\t\t\t\t\t\t<div class=\"elementor-carousel-image\" role=\"img\" aria-label=\"contribution_gallery\" style=\"background-image: url(&#039;https:\/\/casasvalledelsilencio.com\/wp-content\/uploads\/2025\/01\/contribution_gallery.jpg&#039;)\">\n\n\t\t\t\n\t\t\t\t\t<\/div>\n\t\t\t\t\t\t\t\t<\/div>\n\t\t\t\t\t\t\t\t\t\t\t<div class=\"swiper-slide\" role=\"group\" aria-roledescription=\"slide\">\n\t\t\t\t\t\t\t\t\t<div class=\"elementor-carousel-image\" role=\"img\" aria-label=\"d2530c5083de3354769852c88b74be4b.jpg\" style=\"background-image: url(&#039;https:\/\/casasvalledelsilencio.com\/wp-content\/uploads\/2025\/01\/d2530c5083de3354769852c88b74be4b.jpg.png&#039;)\">\n\n\t\t\t\n\t\t\t\t\t<\/div>\n\t\t\t\t\t\t\t\t<\/div>\n\t\t\t\t\t\t\t\t\t\t\t<div class=\"swiper-slide\" role=\"group\" aria-roledescription=\"slide\">\n\t\t\t\t\t\t\t\t\t<div class=\"elementor-carousel-image\" role=\"img\" aria-label=\"hq720\" style=\"background-image: url(&#039;https:\/\/casasvalledelsilencio.com\/wp-content\/uploads\/2025\/01\/hq720.jpg&#039;)\">\n\n\t\t\t\n\t\t\t\t\t<\/div>\n\t\t\t\t\t\t\t\t<\/div>\n\t\t\t\t\t\t\t\t\t<\/div>\n\t\t\t\t\t\t\t\t\t\t\t\t\t\t\t\t\t\t\t\t<div class=\"swiper-pagination\"><\/div>\n\t\t\t\t\t\t\t\t\t\t\t\t<\/div>\n\t\t\t\t<\/div>\n\t\t\t\t\t\t\t\t<\/div>\n\t\t\t\t<\/div>\n\t\t\t\t\t<\/div>\n\t\t\t\t<\/div>\n\t\t\t\t<\/div>\n\t\t\t\t<\/div>","protected":false},"excerpt":{"rendered":"<p>La casa del Botillo Ubicado en el coraz\u00f3n de la comarca, La casa del Botillo combina la arquitectura tradicional de la regi\u00f3n con un dise\u00f1o acogedor y moderno. Su caracter\u00edstico tejado de losa, imponente y hospitalario, da la bienvenida a todos los visitantes. La edificaci\u00f3n destaca por su robustez, equilibrio y diversidad de espacios, ideales [&hellip;]<\/p>","protected":false},"author":1,"featured_media":0,"parent":0,"menu_order":0,"comment_status":"closed","ping_status":"closed","template":"","meta":{"footnotes":""},"class_list":["post-714","page","type-page","status-publish","hentry"],"_links":{"self":[{"href":"https:\/\/casasvalledelsilencio.com\/en\/wp-json\/wp\/v2\/pages\/714","targetHints":{"allow":["GET"]}}],"collection":[{"href":"https:\/\/casasvalledelsilencio.com\/en\/wp-json\/wp\/v2\/pages"}],"about":[{"href":"https:\/\/casasvalledelsilencio.com\/en\/wp-json\/wp\/v2\/types\/page"}],"author":[{"embeddable":true,"href":"https:\/\/casasvalledelsilencio.com\/en\/wp-json\/wp\/v2\/users\/1"}],"replies":[{"embeddable":true,"href":"https:\/\/casasvalledelsilencio.com\/en\/wp-json\/wp\/v2\/comments?post=714"}],"version-history":[{"count":34,"href":"https:\/\/casasvalledelsilencio.com\/en\/wp-json\/wp\/v2\/pages\/714\/revisions"}],"predecessor-version":[{"id":1466,"href":"https:\/\/casasvalledelsilencio.com\/en\/wp-json\/wp\/v2\/pages\/714\/revisions\/1466"}],"wp:attachment":[{"href":"https:\/\/casasvalledelsilencio.com\/en\/wp-json\/wp\/v2\/media?parent=714"}],"curies":[{"name":"wp","href":"https:\/\/api.w.org\/{rel}","templated":true}]}}