{"id":742,"date":"2025-01-02T09:57:47","date_gmt":"2025-01-02T09:57:47","guid":{"rendered":"https:\/\/casasvalledelsilencio.com\/?page_id=742"},"modified":"2025-01-22T11:57:37","modified_gmt":"2025-01-22T11:57:37","slug":"meson-la-rueda","status":"publish","type":"page","link":"https:\/\/casasvalledelsilencio.com\/en\/meson-la-rueda\/","title":{"rendered":"Mes\u00f3n La Rueda"},"content":{"rendered":"<div data-elementor-type=\"wp-page\" data-elementor-id=\"742\" class=\"elementor elementor-742\" data-elementor-post-type=\"page\">\n\t\t\t\t<div class=\"elementor-element elementor-element-e76ea83 e-flex e-con-boxed e-con e-parent\" data-id=\"e76ea83\" data-element_type=\"container\">\n\t\t\t\t\t<div class=\"e-con-inner\">\n\t\t\t\t<div class=\"elementor-element elementor-element-3456242 elementor-widget elementor-widget-heading\" data-id=\"3456242\" data-element_type=\"widget\" data-widget_type=\"heading.default\">\n\t\t\t\t<div class=\"elementor-widget-container\">\n\t\t\t\t\t<h2 class=\"elementor-heading-title elementor-size-default\">Meson La Rueda<\/h2>\t\t\t\t<\/div>\n\t\t\t\t<\/div>\n\t\t\t\t<div class=\"elementor-element elementor-element-962d28b elementor-widget elementor-widget-text-editor\" data-id=\"962d28b\" data-element_type=\"widget\" data-widget_type=\"text-editor.default\">\n\t\t\t\t<div class=\"elementor-widget-container\">\n\t\t\t\t\t\t\t\t\t<p>En la pintoresca localidad de <strong>San Crist\u00f3bal de Valdueza<\/strong>, en la provincia de Le\u00f3n, se encuentra el encantador <strong>Mes\u00f3n La Rueda<\/strong>, un restaurante que combina la <strong>tradici\u00f3n culinaria leonesa<\/strong> con un ambiente <strong>r\u00fastico y acogedor<\/strong>. Este establecimiento es ideal para disfrutar de una <strong>comida familiar<\/strong>, una <strong>cena rom\u00e1ntica<\/strong> o para celebrar un <strong>evento especial<\/strong>.<\/p><p>La cocina de <strong>Mes\u00f3n La Rueda<\/strong> destaca por su compromiso con los <strong>sabores tradicionales<\/strong> de la regi\u00f3n, utilizando siempre <strong>ingredientes frescos y de proximidad<\/strong>. Entre sus especialidades se encuentran la <strong>sopa de ajo<\/strong>, el <strong>botillo<\/strong> y el <strong>cordero asado<\/strong>, platos que reflejan la <strong>autenticidad<\/strong> y el <strong>cuidado<\/strong> en cada elaboraci\u00f3n.<\/p><p>Con su atenci\u00f3n cercana y un entorno c\u00e1lido, <strong>Mes\u00f3n La Rueda<\/strong> te invita a descubrir el verdadero sabor de Le\u00f3n en un lugar donde la <strong>hospitalidad<\/strong> y la <strong>calidad<\/strong> son protagonistas.<\/p><p>Tel\u00e9fono: <a href=\"https:\/\/www.google.com\/search?client=safari&amp;sca_esv=a22d93479fb8aa44&amp;rls=en&amp;sxsrf=ADLYWIKVoSAVMEK1us3689EVXkWjUvrT0Q:1736416733765&amp;q=meson+la+rueda+san+crist%C3%B3bal+de+valdueza&amp;source=lnms&amp;fbs=AEQNm0CbCVgAZ5mWEJDg6aoPVcBgWizR0-0aFOH11Sb5tlNhdzvguW7TJ8ZJj4v-NOGupFi1hc3IvVU_cUXWfj3GB6RtuZ-6HMzA-qfJfrIVKKPpm1JX9jmSxwHjUxHUY2OwpkIUTWdOwPxztX-BB9FpcM1Gvd2o05UqYLxGJbJR-wqM97KTac-nW9RjH3EQRBNYsJfgfy2I&amp;sa=X&amp;ved=2ahUKEwjb--O0sOiKAxWdh_0HHa0jDUYQ0pQJegQIBxAB&amp;biw=1470&amp;bih=840&amp;dpr=2#\" data-dtype=\"d3ph\" data-local-attribute=\"d3ph\" data-ved=\"2ahUKEwj4_rm2sOiKAxVE9bsIHQHKMicQkAgoAHoECD0QAg\"><span aria-label=\"Llamar al n\u00famero de tel\u00e9fono 987 69 34 91\">987 69 34 91<\/span><\/a><\/p>\t\t\t\t\t\t\t\t<\/div>\n\t\t\t\t<\/div>\n\t\t\t\t\t<\/div>\n\t\t\t\t<\/div>\n\t\t<div class=\"elementor-element elementor-element-2289621 e-con-full e-flex e-con e-parent\" data-id=\"2289621\" data-element_type=\"container\" data-settings=\"{&quot;background_background&quot;:&quot;classic&quot;}\">\n\t\t<div class=\"elementor-element elementor-element-9dc5c01 e-flex e-con-boxed e-con e-child\" data-id=\"9dc5c01\" data-element_type=\"container\">\n\t\t\t\t\t<div class=\"e-con-inner\">\n\t\t\t\t<div class=\"elementor-element elementor-element-42ecf55 elementor-skin-coverflow elementor-pagination-type-bullets elementor-pagination-position-outside elementor-widget elementor-widget-media-carousel\" data-id=\"42ecf55\" data-element_type=\"widget\" data-settings=\"{&quot;skin&quot;:&quot;coverflow&quot;,&quot;space_between&quot;:{&quot;unit&quot;:&quot;px&quot;,&quot;size&quot;:14,&quot;sizes&quot;:[]},&quot;pagination&quot;:&quot;bullets&quot;,&quot;speed&quot;:500,&quot;autoplay&quot;:&quot;yes&quot;,&quot;autoplay_speed&quot;:5000,&quot;loop&quot;:&quot;yes&quot;,&quot;pause_on_hover&quot;:&quot;yes&quot;,&quot;pause_on_interaction&quot;:&quot;yes&quot;,&quot;space_between_tablet&quot;:{&quot;unit&quot;:&quot;px&quot;,&quot;size&quot;:10,&quot;sizes&quot;:[]},&quot;space_between_mobile&quot;:{&quot;unit&quot;:&quot;px&quot;,&quot;size&quot;:10,&quot;sizes&quot;:[]}}\" data-widget_type=\"media-carousel.default\">\n\t\t\t\t<div class=\"elementor-widget-container\">\n\t\t\t\t\t\t\t\t\t<div class=\"elementor-swiper\">\n\t\t\t\t\t<div class=\"elementor-main-swiper swiper\" role=\"region\" aria-roledescription=\"carousel\" aria-label=\"Diapositivas\">\n\t\t\t\t<div class=\"swiper-wrapper\">\n\t\t\t\t\t\t\t\t\t\t\t<div class=\"swiper-slide\" role=\"group\" aria-roledescription=\"slide\">\n\t\t\t\t\t\t\t\t\t<div class=\"elementor-carousel-image\" role=\"img\" aria-label=\"en-tu-menu-de-segundo\" style=\"background-image: url(&#039;https:\/\/casasvalledelsilencio.com\/wp-content\/uploads\/2025\/01\/en-tu-menu-de-segundo.jpg&#039;)\">\n\n\t\t\t\n\t\t\t\t\t<\/div>\n\t\t\t\t\t\t\t\t<\/div>\n\t\t\t\t\t\t\t\t\t\t\t<div class=\"swiper-slide\" role=\"group\" aria-roledescription=\"slide\">\n\t\t\t\t\t\t\t\t\t<div class=\"elementor-carousel-image\" role=\"img\" aria-label=\"emperador\" style=\"background-image: url(&#039;https:\/\/casasvalledelsilencio.com\/wp-content\/uploads\/2025\/01\/emperador.jpg&#039;)\">\n\n\t\t\t\n\t\t\t\t\t<\/div>\n\t\t\t\t\t\t\t\t<\/div>\n\t\t\t\t\t\t\t\t\t\t\t<div class=\"swiper-slide\" role=\"group\" aria-roledescription=\"slide\">\n\t\t\t\t\t\t\t\t\t<div class=\"elementor-carousel-image\" role=\"img\" aria-label=\"20240917_201951\" style=\"background-image: url(&#039;https:\/\/casasvalledelsilencio.com\/wp-content\/uploads\/2025\/01\/20240917_201951.jpg&#039;)\">\n\n\t\t\t\n\t\t\t\t\t<\/div>\n\t\t\t\t\t\t\t\t<\/div>\n\t\t\t\t\t\t\t\t\t<\/div>\n\t\t\t\t\t\t\t\t\t\t\t\t\t\t\t\t\t\t\t\t<div class=\"swiper-pagination\"><\/div>\n\t\t\t\t\t\t\t\t\t\t\t\t<\/div>\n\t\t\t\t<\/div>\n\t\t\t\t\t\t\t\t<\/div>\n\t\t\t\t<\/div>\n\t\t\t\t\t<\/div>\n\t\t\t\t<\/div>\n\t\t\t\t<\/div>\n\t\t\t\t<\/div>","protected":false},"excerpt":{"rendered":"<p>Meson La Rueda En la pintoresca localidad de San Crist\u00f3bal de Valdueza, en la provincia de Le\u00f3n, se encuentra el encantador Mes\u00f3n La Rueda, un restaurante que combina la tradici\u00f3n culinaria leonesa con un ambiente r\u00fastico y acogedor. Este establecimiento es ideal para disfrutar de una comida familiar, una cena rom\u00e1ntica o para celebrar un [&hellip;]<\/p>","protected":false},"author":1,"featured_media":0,"parent":0,"menu_order":0,"comment_status":"closed","ping_status":"closed","template":"","meta":{"footnotes":""},"class_list":["post-742","page","type-page","status-publish","hentry"],"_links":{"self":[{"href":"https:\/\/casasvalledelsilencio.com\/en\/wp-json\/wp\/v2\/pages\/742","targetHints":{"allow":["GET"]}}],"collection":[{"href":"https:\/\/casasvalledelsilencio.com\/en\/wp-json\/wp\/v2\/pages"}],"about":[{"href":"https:\/\/casasvalledelsilencio.com\/en\/wp-json\/wp\/v2\/types\/page"}],"author":[{"embeddable":true,"href":"https:\/\/casasvalledelsilencio.com\/en\/wp-json\/wp\/v2\/users\/1"}],"replies":[{"embeddable":true,"href":"https:\/\/casasvalledelsilencio.com\/en\/wp-json\/wp\/v2\/comments?post=742"}],"version-history":[{"count":16,"href":"https:\/\/casasvalledelsilencio.com\/en\/wp-json\/wp\/v2\/pages\/742\/revisions"}],"predecessor-version":[{"id":1472,"href":"https:\/\/casasvalledelsilencio.com\/en\/wp-json\/wp\/v2\/pages\/742\/revisions\/1472"}],"wp:attachment":[{"href":"https:\/\/casasvalledelsilencio.com\/en\/wp-json\/wp\/v2\/media?parent=742"}],"curies":[{"name":"wp","href":"https:\/\/api.w.org\/{rel}","templated":true}]}}