{"id":750,"date":"2025-01-02T10:55:23","date_gmt":"2025-01-02T10:55:23","guid":{"rendered":"https:\/\/casasvalledelsilencio.com\/?page_id=750"},"modified":"2025-01-22T11:58:01","modified_gmt":"2025-01-22T11:58:01","slug":"la-cantina","status":"publish","type":"page","link":"https:\/\/casasvalledelsilencio.com\/en\/la-cantina\/","title":{"rendered":"La Cantina"},"content":{"rendered":"<div data-elementor-type=\"wp-page\" data-elementor-id=\"750\" class=\"elementor elementor-750\" data-elementor-post-type=\"page\">\n\t\t\t\t<div class=\"elementor-element elementor-element-88a8193 e-flex e-con-boxed e-con e-parent\" data-id=\"88a8193\" data-element_type=\"container\">\n\t\t\t\t\t<div class=\"e-con-inner\">\n\t\t\t\t<div class=\"elementor-element elementor-element-bf34c64 elementor-widget elementor-widget-heading\" data-id=\"bf34c64\" data-element_type=\"widget\" data-widget_type=\"heading.default\">\n\t\t\t\t<div class=\"elementor-widget-container\">\n\t\t\t\t\t<h2 class=\"elementor-heading-title elementor-size-default\">La Cantina<\/h2>\t\t\t\t<\/div>\n\t\t\t\t<\/div>\n\t\t\t\t<div class=\"elementor-element elementor-element-55f5877 elementor-widget elementor-widget-text-editor\" data-id=\"55f5877\" data-element_type=\"widget\" data-widget_type=\"text-editor.default\">\n\t\t\t\t<div class=\"elementor-widget-container\">\n\t\t\t\t\t\t\t\t\t<p>En el pintoresco pueblo de <strong>Pe\u00f1alba de Santiago<\/strong>, considerado uno de los m\u00e1s bonitos de Espa\u00f1a, se encuentra <strong>La Cantina<\/strong>, un restaurante que combina la <strong>gastronom\u00eda berciana<\/strong> con la belleza de su entorno natural. Este acogedor establecimiento es ideal para disfrutar de una comida tras recorrer los encantadores paisajes de la zona.<\/p><p>La cocina de <strong>La Cantina<\/strong> destaca por su apuesta por los <strong>sabores tradicionales<\/strong>, ofreciendo platos elaborados con <strong>ingredientes frescos y de calidad<\/strong>. Entre sus especialidades sobresalen el <strong>botillo del Bierzo<\/strong>, las <strong>carnes a la brasa<\/strong> y los <strong>postres caseros<\/strong>, que son un aut\u00e9ntico homenaje a la tradici\u00f3n culinaria de la regi\u00f3n.<\/p><p>Con un ambiente r\u00fastico y una atenci\u00f3n cercana, <strong>La Cantina de Pe\u00f1alba de Santiago<\/strong> invita a disfrutar de una experiencia aut\u00e9ntica en pleno coraz\u00f3n del Bierzo.<\/p><p>Tel\u00e9fono: <a href=\"https:\/\/www.google.com\/search?client=safari&amp;sca_esv=a22d93479fb8aa44&amp;rls=en&amp;sxsrf=ADLYWIJuy_O979c_8APnnT11fzykPWxkQQ:1735812015741&amp;q=la+cantina+pe%C3%B1alba+de+santiago&amp;source=lnms&amp;fbs=AEQNm0CbCVgAZ5mWEJDg6aoPVcBgWizR0-0aFOH11Sb5tlNhdwTBRAFlvB_IDmZx89cGs2seX6PiZB2kyHkbjrZzaWjXzr7E5Y9if69Y5O8u20qwlumz_NzZf_ftmAcSLIi9uGTEaIJUjLJPM_2uq_3udcrh4IyBEd5eMCOv-glhtitqy9ISQsKIQh1xrKLN_eSWl41rGQzs&amp;sa=X&amp;ved=2ahUKEwjFieHU49aKAxUg2gIHHSYZNScQ0pQJegQIDBAB&amp;biw=1470&amp;bih=840&amp;dpr=2#\" data-dtype=\"d3ph\" data-local-attribute=\"d3ph\" data-ved=\"2ahUKEwi1i473r-iKAxWSnf0HHeRDEAoQkAgoAHoECC8QAg\"><span aria-label=\"Llamar al n\u00famero de tel\u00e9fono 987 62 02 01\">987 62 02 01<\/span><\/a><\/p>\t\t\t\t\t\t\t\t<\/div>\n\t\t\t\t<\/div>\n\t\t\t\t\t<\/div>\n\t\t\t\t<\/div>\n\t\t<div class=\"elementor-element elementor-element-3c05eaf e-con-full e-flex e-con e-parent\" data-id=\"3c05eaf\" data-element_type=\"container\" data-settings=\"{&quot;background_background&quot;:&quot;classic&quot;}\">\n\t\t<div class=\"elementor-element elementor-element-e0c3b21 e-flex e-con-boxed e-con e-child\" data-id=\"e0c3b21\" data-element_type=\"container\">\n\t\t\t\t\t<div class=\"e-con-inner\">\n\t\t\t\t<div class=\"elementor-element elementor-element-29b8cee elementor-skin-coverflow elementor-pagination-type-bullets elementor-pagination-position-outside elementor-widget elementor-widget-media-carousel\" data-id=\"29b8cee\" data-element_type=\"widget\" data-settings=\"{&quot;skin&quot;:&quot;coverflow&quot;,&quot;space_between&quot;:{&quot;unit&quot;:&quot;px&quot;,&quot;size&quot;:14,&quot;sizes&quot;:[]},&quot;pagination&quot;:&quot;bullets&quot;,&quot;speed&quot;:500,&quot;autoplay&quot;:&quot;yes&quot;,&quot;autoplay_speed&quot;:5000,&quot;loop&quot;:&quot;yes&quot;,&quot;pause_on_hover&quot;:&quot;yes&quot;,&quot;pause_on_interaction&quot;:&quot;yes&quot;,&quot;space_between_tablet&quot;:{&quot;unit&quot;:&quot;px&quot;,&quot;size&quot;:10,&quot;sizes&quot;:[]},&quot;space_between_mobile&quot;:{&quot;unit&quot;:&quot;px&quot;,&quot;size&quot;:10,&quot;sizes&quot;:[]}}\" data-widget_type=\"media-carousel.default\">\n\t\t\t\t<div class=\"elementor-widget-container\">\n\t\t\t\t\t\t\t\t\t<div class=\"elementor-swiper\">\n\t\t\t\t\t<div class=\"elementor-main-swiper swiper\" role=\"region\" aria-roledescription=\"carousel\" aria-label=\"Diapositivas\">\n\t\t\t\t<div class=\"swiper-wrapper\">\n\t\t\t\t\t\t\t\t\t\t\t<div class=\"swiper-slide\" role=\"group\" aria-roledescription=\"slide\">\n\t\t\t\t\t\t\t\t\t<div class=\"elementor-carousel-image\" role=\"img\" aria-label=\"20180924-171438-largejpg\" style=\"background-image: url(&#039;https:\/\/casasvalledelsilencio.com\/wp-content\/uploads\/2025\/01\/20180924-171438-largejpg.jpg&#039;)\">\n\n\t\t\t\n\t\t\t\t\t<\/div>\n\t\t\t\t\t\t\t\t<\/div>\n\t\t\t\t\t\t\t\t\t\t\t<div class=\"swiper-slide\" role=\"group\" aria-roledescription=\"slide\">\n\t\t\t\t\t\t\t\t\t<div class=\"elementor-carousel-image\" role=\"img\" aria-label=\"IMG_8226\" style=\"background-image: url(&#039;https:\/\/casasvalledelsilencio.com\/wp-content\/uploads\/2025\/01\/IMG_8226-scaled.jpeg&#039;)\">\n\n\t\t\t\n\t\t\t\t\t<\/div>\n\t\t\t\t\t\t\t\t<\/div>\n\t\t\t\t\t\t\t\t\t\t\t<div class=\"swiper-slide\" role=\"group\" aria-roledescription=\"slide\">\n\t\t\t\t\t\t\t\t\t<div class=\"elementor-carousel-image\" role=\"img\" aria-label=\"La cantina\" style=\"background-image: url(&#039;https:\/\/casasvalledelsilencio.com\/wp-content\/uploads\/2025\/01\/La-cantina-scaled.jpeg&#039;)\">\n\n\t\t\t\n\t\t\t\t\t<\/div>\n\t\t\t\t\t\t\t\t<\/div>\n\t\t\t\t\t\t\t\t\t\t\t<div class=\"swiper-slide\" role=\"group\" aria-roledescription=\"slide\">\n\t\t\t\t\t\t\t\t\t<div class=\"elementor-carousel-image\" role=\"img\" aria-label=\"IMG_8229\" style=\"background-image: url(&#039;https:\/\/casasvalledelsilencio.com\/wp-content\/uploads\/2025\/01\/IMG_8229-scaled.jpeg&#039;)\">\n\n\t\t\t\n\t\t\t\t\t<\/div>\n\t\t\t\t\t\t\t\t<\/div>\n\t\t\t\t\t\t\t\t\t\t\t<div class=\"swiper-slide\" role=\"group\" aria-roledescription=\"slide\">\n\t\t\t\t\t\t\t\t\t<div class=\"elementor-carousel-image\" role=\"img\" aria-label=\"IMG_8228\" style=\"background-image: url(&#039;https:\/\/casasvalledelsilencio.com\/wp-content\/uploads\/2025\/01\/IMG_8228-scaled.jpeg&#039;)\">\n\n\t\t\t\n\t\t\t\t\t<\/div>\n\t\t\t\t\t\t\t\t<\/div>\n\t\t\t\t\t\t\t\t\t<\/div>\n\t\t\t\t\t\t\t\t\t\t\t\t\t\t\t\t\t\t\t\t<div class=\"swiper-pagination\"><\/div>\n\t\t\t\t\t\t\t\t\t\t\t\t<\/div>\n\t\t\t\t<\/div>\n\t\t\t\t\t\t\t\t<\/div>\n\t\t\t\t<\/div>\n\t\t\t\t\t<\/div>\n\t\t\t\t<\/div>\n\t\t\t\t<\/div>\n\t\t\t\t<\/div>","protected":false},"excerpt":{"rendered":"<p>La Cantina En el pintoresco pueblo de Pe\u00f1alba de Santiago, considerado uno de los m\u00e1s bonitos de Espa\u00f1a, se encuentra La Cantina, un restaurante que combina la gastronom\u00eda berciana con la belleza de su entorno natural. Este acogedor establecimiento es ideal para disfrutar de una comida tras recorrer los encantadores paisajes de la zona. La [&hellip;]<\/p>","protected":false},"author":1,"featured_media":0,"parent":0,"menu_order":0,"comment_status":"closed","ping_status":"closed","template":"","meta":{"footnotes":""},"class_list":["post-750","page","type-page","status-publish","hentry"],"_links":{"self":[{"href":"https:\/\/casasvalledelsilencio.com\/en\/wp-json\/wp\/v2\/pages\/750","targetHints":{"allow":["GET"]}}],"collection":[{"href":"https:\/\/casasvalledelsilencio.com\/en\/wp-json\/wp\/v2\/pages"}],"about":[{"href":"https:\/\/casasvalledelsilencio.com\/en\/wp-json\/wp\/v2\/types\/page"}],"author":[{"embeddable":true,"href":"https:\/\/casasvalledelsilencio.com\/en\/wp-json\/wp\/v2\/users\/1"}],"replies":[{"embeddable":true,"href":"https:\/\/casasvalledelsilencio.com\/en\/wp-json\/wp\/v2\/comments?post=750"}],"version-history":[{"count":15,"href":"https:\/\/casasvalledelsilencio.com\/en\/wp-json\/wp\/v2\/pages\/750\/revisions"}],"predecessor-version":[{"id":1484,"href":"https:\/\/casasvalledelsilencio.com\/en\/wp-json\/wp\/v2\/pages\/750\/revisions\/1484"}],"wp:attachment":[{"href":"https:\/\/casasvalledelsilencio.com\/en\/wp-json\/wp\/v2\/media?parent=750"}],"curies":[{"name":"wp","href":"https:\/\/api.w.org\/{rel}","templated":true}]}}