{"id":784,"date":"2025-01-02T11:03:33","date_gmt":"2025-01-02T11:03:33","guid":{"rendered":"https:\/\/casasvalledelsilencio.com\/?page_id=784"},"modified":"2025-01-22T11:57:49","modified_gmt":"2025-01-22T11:57:49","slug":"la-moncloa-de-san-lazaro","status":"publish","type":"page","link":"https:\/\/casasvalledelsilencio.com\/en\/la-moncloa-de-san-lazaro\/","title":{"rendered":"La Moncloa de San L\u00e1zaro"},"content":{"rendered":"<div data-elementor-type=\"wp-page\" data-elementor-id=\"784\" class=\"elementor elementor-784\" data-elementor-post-type=\"page\">\n\t\t\t\t<div class=\"elementor-element elementor-element-ff17cba e-flex e-con-boxed e-con e-parent\" data-id=\"ff17cba\" data-element_type=\"container\">\n\t\t\t\t\t<div class=\"e-con-inner\">\n\t\t\t\t<div class=\"elementor-element elementor-element-68a328e elementor-widget elementor-widget-heading\" data-id=\"68a328e\" data-element_type=\"widget\" data-widget_type=\"heading.default\">\n\t\t\t\t<div class=\"elementor-widget-container\">\n\t\t\t\t\t<h2 class=\"elementor-heading-title elementor-size-default\">La Moncloa de San L\u00e1zaro<\/h2>\t\t\t\t<\/div>\n\t\t\t\t<\/div>\n\t\t\t\t<div class=\"elementor-element elementor-element-c705342 elementor-widget elementor-widget-text-editor\" data-id=\"c705342\" data-element_type=\"widget\" data-widget_type=\"text-editor.default\">\n\t\t\t\t<div class=\"elementor-widget-container\">\n\t\t\t\t\t\t\t\t\t<p>En <a href=\"https:\/\/www.moncloadesanlazaro.com\"><span style=\"text-decoration: underline;\"><strong>La Moncloa de San L\u00e1zaro<\/strong><\/span><\/a>, cada detalle est\u00e1 pensado para que te sientas como en casa. Este encantador restaurante combina la <strong>tradici\u00f3n gastron\u00f3mica berciana<\/strong> con un ambiente c\u00e1lido, rodeado de <strong>vigas, pizarra y piedra<\/strong>, creando un espacio \u00fanico donde disfrutar de una experiencia inolvidable.<\/p><p>Inspirados por la sabidur\u00eda y el amor de las recetas de nuestras abuelas, aqu\u00ed encontrar\u00e1s platos elaborados con mimo, en los que cada cucharada es un homenaje a los <strong>guisos tradicionales<\/strong>. Adem\u00e1s, nuestros <strong>grandes vinos del Bierzo<\/strong> maridan a la perfecci\u00f3n con los sabores, aportando un toque \u00fanico de <strong>color, calidad y sabor<\/strong>.<\/p><p><strong>La Moncloa de San L\u00e1zaro<\/strong> te invita a sumergirte en el mundo de los <strong>sabores aut\u00e9nticos<\/strong>, donde la <strong>tradici\u00f3n y el cuidado<\/strong> son protagonistas de un sinf\u00edn de sensaciones.<\/p>\t\t\t\t\t\t\t\t<\/div>\n\t\t\t\t<\/div>\n\t\t\t\t\t<\/div>\n\t\t\t\t<\/div>\n\t\t<div class=\"elementor-element elementor-element-b220e72 e-con-full e-flex e-con e-parent\" data-id=\"b220e72\" data-element_type=\"container\" data-settings=\"{&quot;background_background&quot;:&quot;classic&quot;}\">\n\t\t<div class=\"elementor-element elementor-element-d4fc060 e-flex e-con-boxed e-con e-child\" data-id=\"d4fc060\" data-element_type=\"container\">\n\t\t\t\t\t<div class=\"e-con-inner\">\n\t\t\t\t<div class=\"elementor-element elementor-element-2dbc131 elementor-skin-coverflow elementor-pagination-type-bullets elementor-pagination-position-outside elementor-widget elementor-widget-media-carousel\" data-id=\"2dbc131\" data-element_type=\"widget\" data-settings=\"{&quot;skin&quot;:&quot;coverflow&quot;,&quot;space_between&quot;:{&quot;unit&quot;:&quot;px&quot;,&quot;size&quot;:14,&quot;sizes&quot;:[]},&quot;pagination&quot;:&quot;bullets&quot;,&quot;speed&quot;:500,&quot;autoplay&quot;:&quot;yes&quot;,&quot;autoplay_speed&quot;:5000,&quot;loop&quot;:&quot;yes&quot;,&quot;pause_on_hover&quot;:&quot;yes&quot;,&quot;pause_on_interaction&quot;:&quot;yes&quot;,&quot;space_between_tablet&quot;:{&quot;unit&quot;:&quot;px&quot;,&quot;size&quot;:10,&quot;sizes&quot;:[]},&quot;space_between_mobile&quot;:{&quot;unit&quot;:&quot;px&quot;,&quot;size&quot;:10,&quot;sizes&quot;:[]}}\" data-widget_type=\"media-carousel.default\">\n\t\t\t\t<div class=\"elementor-widget-container\">\n\t\t\t\t\t\t\t\t\t<div class=\"elementor-swiper\">\n\t\t\t\t\t<div class=\"elementor-main-swiper swiper\" role=\"region\" aria-roledescription=\"carousel\" aria-label=\"Diapositivas\">\n\t\t\t\t<div class=\"swiper-wrapper\">\n\t\t\t\t\t\t\t\t\t\t\t<div class=\"swiper-slide\" role=\"group\" aria-roledescription=\"slide\">\n\t\t\t\t\t\t\t\t\t<div class=\"elementor-carousel-image\" role=\"img\" aria-label=\"moncloa de san\" style=\"background-image: url(&#039;https:\/\/casasvalledelsilencio.com\/wp-content\/uploads\/2025\/01\/moncloa-de-san.jpg&#039;)\">\n\n\t\t\t\n\t\t\t\t\t<\/div>\n\t\t\t\t\t\t\t\t<\/div>\n\t\t\t\t\t\t\t\t\t\t\t<div class=\"swiper-slide\" role=\"group\" aria-roledescription=\"slide\">\n\t\t\t\t\t\t\t\t\t<div class=\"elementor-carousel-image\" role=\"img\" aria-label=\"moncloa de san laza\" style=\"background-image: url(&#039;https:\/\/casasvalledelsilencio.com\/wp-content\/uploads\/2025\/01\/moncloa-de-san-laza.jpg&#039;)\">\n\n\t\t\t\n\t\t\t\t\t<\/div>\n\t\t\t\t\t\t\t\t<\/div>\n\t\t\t\t\t\t\t\t\t\t\t<div class=\"swiper-slide\" role=\"group\" aria-roledescription=\"slide\">\n\t\t\t\t\t\t\t\t\t<div class=\"elementor-carousel-image\" role=\"img\" aria-label=\"queso-de-cabra-a-la-plancha-de-la-Moncloa\" style=\"background-image: url(&#039;https:\/\/casasvalledelsilencio.com\/wp-content\/uploads\/2025\/01\/queso-de-cabra-a-la-plancha-de-la-Moncloa.jpg&#039;)\">\n\n\t\t\t\n\t\t\t\t\t<\/div>\n\t\t\t\t\t\t\t\t<\/div>\n\t\t\t\t\t\t\t\t\t\t\t<div class=\"swiper-slide\" role=\"group\" aria-roledescription=\"slide\">\n\t\t\t\t\t\t\t\t\t<div class=\"elementor-carousel-image\" role=\"img\" aria-label=\"verdinas moncloa de\" style=\"background-image: url(&#039;https:\/\/casasvalledelsilencio.com\/wp-content\/uploads\/2025\/01\/verdinas-moncloa-de.jpg&#039;)\">\n\n\t\t\t\n\t\t\t\t\t<\/div>\n\t\t\t\t\t\t\t\t<\/div>\n\t\t\t\t\t\t\t\t\t\t\t<div class=\"swiper-slide\" role=\"group\" aria-roledescription=\"slide\">\n\t\t\t\t\t\t\t\t\t<div class=\"elementor-carousel-image\" role=\"img\" aria-label=\"Botillo-del-Bierzo-de-la-Moncloa\" style=\"background-image: url(&#039;https:\/\/casasvalledelsilencio.com\/wp-content\/uploads\/2025\/01\/Botillo-del-Bierzo-de-la-Moncloa.jpg&#039;)\">\n\n\t\t\t\n\t\t\t\t\t<\/div>\n\t\t\t\t\t\t\t\t<\/div>\n\t\t\t\t\t\t\t\t\t<\/div>\n\t\t\t\t\t\t\t\t\t\t\t\t\t\t\t\t\t\t\t\t<div class=\"swiper-pagination\"><\/div>\n\t\t\t\t\t\t\t\t\t\t\t\t<\/div>\n\t\t\t\t<\/div>\n\t\t\t\t\t\t\t\t<\/div>\n\t\t\t\t<\/div>\n\t\t\t\t\t<\/div>\n\t\t\t\t<\/div>\n\t\t\t\t<\/div>\n\t\t\t\t<\/div>","protected":false},"excerpt":{"rendered":"<p>La Moncloa de San L\u00e1zaro En La Moncloa de San L\u00e1zaro, cada detalle est\u00e1 pensado para que te sientas como en casa. Este encantador restaurante combina la tradici\u00f3n gastron\u00f3mica berciana con un ambiente c\u00e1lido, rodeado de vigas, pizarra y piedra, creando un espacio \u00fanico donde disfrutar de una experiencia inolvidable. Inspirados por la sabidur\u00eda y [&hellip;]<\/p>","protected":false},"author":1,"featured_media":0,"parent":0,"menu_order":0,"comment_status":"closed","ping_status":"closed","template":"","meta":{"footnotes":""},"class_list":["post-784","page","type-page","status-publish","hentry"],"_links":{"self":[{"href":"https:\/\/casasvalledelsilencio.com\/en\/wp-json\/wp\/v2\/pages\/784","targetHints":{"allow":["GET"]}}],"collection":[{"href":"https:\/\/casasvalledelsilencio.com\/en\/wp-json\/wp\/v2\/pages"}],"about":[{"href":"https:\/\/casasvalledelsilencio.com\/en\/wp-json\/wp\/v2\/types\/page"}],"author":[{"embeddable":true,"href":"https:\/\/casasvalledelsilencio.com\/en\/wp-json\/wp\/v2\/users\/1"}],"replies":[{"embeddable":true,"href":"https:\/\/casasvalledelsilencio.com\/en\/wp-json\/wp\/v2\/comments?post=784"}],"version-history":[{"count":18,"href":"https:\/\/casasvalledelsilencio.com\/en\/wp-json\/wp\/v2\/pages\/784\/revisions"}],"predecessor-version":[{"id":1478,"href":"https:\/\/casasvalledelsilencio.com\/en\/wp-json\/wp\/v2\/pages\/784\/revisions\/1478"}],"wp:attachment":[{"href":"https:\/\/casasvalledelsilencio.com\/en\/wp-json\/wp\/v2\/media?parent=784"}],"curies":[{"name":"wp","href":"https:\/\/api.w.org\/{rel}","templated":true}]}}