{"id":800,"date":"2025-01-02T11:12:23","date_gmt":"2025-01-02T11:12:23","guid":{"rendered":"https:\/\/casasvalledelsilencio.com\/?page_id=800"},"modified":"2025-01-22T11:57:43","modified_gmt":"2025-01-22T11:57:43","slug":"la-puerta-del-perdon","status":"publish","type":"page","link":"https:\/\/casasvalledelsilencio.com\/en\/la-puerta-del-perdon\/","title":{"rendered":"La Puerta del Perd\u00f3n"},"content":{"rendered":"<div data-elementor-type=\"wp-page\" data-elementor-id=\"800\" class=\"elementor elementor-800\" data-elementor-post-type=\"page\">\n\t\t\t\t<div class=\"elementor-element elementor-element-1cf4a15 e-flex e-con-boxed e-con e-parent\" data-id=\"1cf4a15\" data-element_type=\"container\">\n\t\t\t\t\t<div class=\"e-con-inner\">\n\t\t\t\t<div class=\"elementor-element elementor-element-3cee1d1 elementor-widget elementor-widget-heading\" data-id=\"3cee1d1\" data-element_type=\"widget\" data-widget_type=\"heading.default\">\n\t\t\t\t<div class=\"elementor-widget-container\">\n\t\t\t\t\t<h2 class=\"elementor-heading-title elementor-size-default\">La Puerta del Perd\u00f3n<\/h2>\t\t\t\t<\/div>\n\t\t\t\t<\/div>\n\t\t\t\t<div class=\"elementor-element elementor-element-f35327a elementor-widget elementor-widget-text-editor\" data-id=\"f35327a\" data-element_type=\"widget\" data-widget_type=\"text-editor.default\">\n\t\t\t\t<div class=\"elementor-widget-container\">\n\t\t\t\t\t\t\t\t\t<p>En una <strong>casa rehabilitada del siglo XVI<\/strong>, con <strong>suelos y techos de madera originales<\/strong>, se encuentra <a href=\"https:\/\/hostal-la-puerta-del-perdon.jimdosite.com\/restaurante\/\"><span style=\"text-decoration: underline;\"><strong>La Puerta del Perd\u00f3n<\/strong><\/span><\/a>, un restaurante que destaca por su <strong>cercan\u00eda, sostenibilidad y respeto por la tradici\u00f3n<\/strong>. Este establecimiento combina la <strong>gastronom\u00eda local<\/strong> con un enfoque \u00fanico y un ambiente \u00edntimo, pensado para que cada visita sea especial.<\/p><p>Su carta es <strong>sencilla y honesta<\/strong>, elaborada con <strong>productos de proximidad<\/strong> seleccionados de peque\u00f1os productores locales. La apuesta por la <strong>calidad y el respeto al medio ambiente<\/strong> se refleja en cada plato, preparado con mimo y atenci\u00f3n al detalle.<\/p><p>El comedor, con capacidad para un m\u00e1ximo de 18 personas, ofrece un espacio exclusivo donde se prioriza la tranquilidad y el disfrute pausado. La limitaci\u00f3n de horarios no solo garantiza un servicio personalizado, sino tambi\u00e9n el descanso de los alojados en el hotel.<\/p><p><strong>La Puerta del Perd\u00f3n<\/strong> es una recomendaci\u00f3n perfecta para quienes buscan una experiencia aut\u00e9ntica, rodeados de historia y en un entorno \u00fanico en <strong>Villafranca del Bierzo<\/strong>.<\/p>\t\t\t\t\t\t\t\t<\/div>\n\t\t\t\t<\/div>\n\t\t\t\t\t<\/div>\n\t\t\t\t<\/div>\n\t\t<div class=\"elementor-element elementor-element-4cc604b e-con-full e-flex e-con e-parent\" data-id=\"4cc604b\" data-element_type=\"container\" data-settings=\"{&quot;background_background&quot;:&quot;classic&quot;}\">\n\t\t<div class=\"elementor-element elementor-element-e01718e e-flex e-con-boxed e-con e-child\" data-id=\"e01718e\" data-element_type=\"container\">\n\t\t\t\t\t<div class=\"e-con-inner\">\n\t\t\t\t<div class=\"elementor-element elementor-element-382bd15 elementor-skin-coverflow elementor-pagination-type-bullets elementor-pagination-position-outside elementor-widget elementor-widget-media-carousel\" data-id=\"382bd15\" data-element_type=\"widget\" data-settings=\"{&quot;skin&quot;:&quot;coverflow&quot;,&quot;space_between&quot;:{&quot;unit&quot;:&quot;px&quot;,&quot;size&quot;:14,&quot;sizes&quot;:[]},&quot;pagination&quot;:&quot;bullets&quot;,&quot;speed&quot;:500,&quot;autoplay&quot;:&quot;yes&quot;,&quot;autoplay_speed&quot;:5000,&quot;loop&quot;:&quot;yes&quot;,&quot;pause_on_hover&quot;:&quot;yes&quot;,&quot;pause_on_interaction&quot;:&quot;yes&quot;,&quot;space_between_tablet&quot;:{&quot;unit&quot;:&quot;px&quot;,&quot;size&quot;:10,&quot;sizes&quot;:[]},&quot;space_between_mobile&quot;:{&quot;unit&quot;:&quot;px&quot;,&quot;size&quot;:10,&quot;sizes&quot;:[]}}\" data-widget_type=\"media-carousel.default\">\n\t\t\t\t<div class=\"elementor-widget-container\">\n\t\t\t\t\t\t\t\t\t<div class=\"elementor-swiper\">\n\t\t\t\t\t<div class=\"elementor-main-swiper swiper\" role=\"region\" aria-roledescription=\"carousel\" aria-label=\"Diapositivas\">\n\t\t\t\t<div class=\"swiper-wrapper\">\n\t\t\t\t\t\t\t\t\t\t\t<div class=\"swiper-slide\" role=\"group\" aria-roledescription=\"slide\">\n\t\t\t\t\t\t\t\t\t<div class=\"elementor-carousel-image\" role=\"img\" aria-label=\"la puerta del perd\u00f3n\" style=\"background-image: url(&#039;https:\/\/casasvalledelsilencio.com\/wp-content\/uploads\/2025\/01\/la-puerta-del-perdon.jpg&#039;)\">\n\n\t\t\t\n\t\t\t\t\t<\/div>\n\t\t\t\t\t\t\t\t<\/div>\n\t\t\t\t\t\t\t\t\t\t\t<div class=\"swiper-slide\" role=\"group\" aria-roledescription=\"slide\">\n\t\t\t\t\t\t\t\t\t<div class=\"elementor-carousel-image\" role=\"img\" aria-label=\"la puerta del\" style=\"background-image: url(&#039;https:\/\/casasvalledelsilencio.com\/wp-content\/uploads\/2025\/01\/la-puerta-del.png&#039;)\">\n\n\t\t\t\n\t\t\t\t\t<\/div>\n\t\t\t\t\t\t\t\t<\/div>\n\t\t\t\t\t\t\t\t\t\t\t<div class=\"swiper-slide\" role=\"group\" aria-roledescription=\"slide\">\n\t\t\t\t\t\t\t\t\t<div class=\"elementor-carousel-image\" role=\"img\" aria-label=\"la-puerta-del-perdon\" style=\"background-image: url(&#039;https:\/\/casasvalledelsilencio.com\/wp-content\/uploads\/2025\/01\/la-puerta-del-perdon-1.jpg&#039;)\">\n\n\t\t\t\n\t\t\t\t\t<\/div>\n\t\t\t\t\t\t\t\t<\/div>\n\t\t\t\t\t\t\t\t\t\t\t<div class=\"swiper-slide\" role=\"group\" aria-roledescription=\"slide\">\n\t\t\t\t\t\t\t\t\t<div class=\"elementor-carousel-image\" role=\"img\" aria-label=\"restaurante_La_Puerta_del_Perdon_C1_chuleton\" style=\"background-image: url(&#039;https:\/\/casasvalledelsilencio.com\/wp-content\/uploads\/2025\/01\/restaurante_La_Puerta_del_Perdon_C1_chuleton.jpg&#039;)\">\n\n\t\t\t\n\t\t\t\t\t<\/div>\n\t\t\t\t\t\t\t\t<\/div>\n\t\t\t\t\t\t\t\t\t<\/div>\n\t\t\t\t\t\t\t\t\t\t\t\t\t\t\t\t\t\t\t\t<div class=\"swiper-pagination\"><\/div>\n\t\t\t\t\t\t\t\t\t\t\t\t<\/div>\n\t\t\t\t<\/div>\n\t\t\t\t\t\t\t\t<\/div>\n\t\t\t\t<\/div>\n\t\t\t\t\t<\/div>\n\t\t\t\t<\/div>\n\t\t\t\t<\/div>\n\t\t\t\t<\/div>","protected":false},"excerpt":{"rendered":"<p>La Puerta del Perd\u00f3n En una casa rehabilitada del siglo XVI, con suelos y techos de madera originales, se encuentra La Puerta del Perd\u00f3n, un restaurante que destaca por su cercan\u00eda, sostenibilidad y respeto por la tradici\u00f3n. Este establecimiento combina la gastronom\u00eda local con un enfoque \u00fanico y un ambiente \u00edntimo, pensado para que cada [&hellip;]<\/p>","protected":false},"author":1,"featured_media":0,"parent":0,"menu_order":0,"comment_status":"closed","ping_status":"closed","template":"","meta":{"footnotes":""},"class_list":["post-800","page","type-page","status-publish","hentry"],"_links":{"self":[{"href":"https:\/\/casasvalledelsilencio.com\/en\/wp-json\/wp\/v2\/pages\/800","targetHints":{"allow":["GET"]}}],"collection":[{"href":"https:\/\/casasvalledelsilencio.com\/en\/wp-json\/wp\/v2\/pages"}],"about":[{"href":"https:\/\/casasvalledelsilencio.com\/en\/wp-json\/wp\/v2\/types\/page"}],"author":[{"embeddable":true,"href":"https:\/\/casasvalledelsilencio.com\/en\/wp-json\/wp\/v2\/users\/1"}],"replies":[{"embeddable":true,"href":"https:\/\/casasvalledelsilencio.com\/en\/wp-json\/wp\/v2\/comments?post=800"}],"version-history":[{"count":13,"href":"https:\/\/casasvalledelsilencio.com\/en\/wp-json\/wp\/v2\/pages\/800\/revisions"}],"predecessor-version":[{"id":1475,"href":"https:\/\/casasvalledelsilencio.com\/en\/wp-json\/wp\/v2\/pages\/800\/revisions\/1475"}],"wp:attachment":[{"href":"https:\/\/casasvalledelsilencio.com\/en\/wp-json\/wp\/v2\/media?parent=800"}],"curies":[{"name":"wp","href":"https:\/\/api.w.org\/{rel}","templated":true}]}}